{"id":5460,"date":"2023-07-24T14:08:02","date_gmt":"2023-07-24T14:08:02","guid":{"rendered":"https:\/\/eurospuma.com\/politique-du-systeme-de-gestion\/"},"modified":"2023-07-24T14:08:03","modified_gmt":"2023-07-24T14:08:03","slug":"politique-du-systeme-de-gestion","status":"publish","type":"page","link":"https:\/\/eurospuma.com\/fr\/politique-du-systeme-de-gestion\/","title":{"rendered":"Politique du syst\u00e8me de gestion"},"content":{"rendered":"\t\t<div data-elementor-type=\"wp-page\" data-elementor-id=\"5460\" class=\"elementor elementor-5460 elementor-1678\" data-elementor-post-type=\"page\">\n\t\t\t\t<div class=\"elementor-element elementor-element-219f75c9 e-flex e-con-boxed e-con e-parent\" data-id=\"219f75c9\" data-element_type=\"container\" data-e-type=\"container\" data-settings=\"{&quot;jet_parallax_layout_list&quot;:[]}\">\n\t\t\t\t\t<div class=\"e-con-inner\">\n\t\t\t\t<div class=\"elementor-element elementor-element-41c51f27 home-title animations-reveals elementor-widget elementor-widget-heading\" data-id=\"41c51f27\" data-element_type=\"widget\" data-e-type=\"widget\" data-widget_type=\"heading.default\">\n\t\t\t\t<div class=\"elementor-widget-container\">\n\t\t\t\t\t<h2 class=\"elementor-heading-title elementor-size-default\">Politique du syst\u00e8me de gestion<\/h2>\t\t\t\t<\/div>\n\t\t\t\t<\/div>\n\t\t\t\t<div class=\"elementor-element elementor-element-6f991bd elementor-widget elementor-widget-text-editor\" data-id=\"6f991bd\" data-element_type=\"widget\" data-e-type=\"widget\" data-widget_type=\"text-editor.default\">\n\t\t\t\t<div class=\"elementor-widget-container\">\n\t\t\t\t\t\t\t\t\t<p>Eurospuma se consacre \u00e0 la production de mousses en polyur\u00e9thane et de tissus non-tiss\u00e9s. Consciente de son activit\u00e9, la politique d\u2019Eurospuma consiste \u00e0 r\u00e9pondre aux besoins et aux attentes de ses clients et autres parties int\u00e9ress\u00e9es, dans un effort d\u2019am\u00e9lioration continue de l\u2019efficacit\u00e9 de ses proc\u00e9d\u00e9s, et \u00e0 pr\u00e9server l\u2019environnement, la sant\u00e9 et la s\u00e9curit\u00e9 de tous ceux qui collaborent dans l\u2019Organisation au sein de ses installations physiques et des populations voisines, et assurer l\u2019objectif z\u00e9ro accident grave impliquant des substances dangereuses.<\/p>\n<p>Afin de soutenir la mise en \u0153uvre de la pr\u00e9sente <strong>Politique de gestion<\/strong> relative \u00e0 la <strong>Qualit\u00e9, l\u2019environnement et la pr\u00e9vention d\u2019accidents graves (PAG)<\/strong>, Eurospuma s\u2019engage \u00e0\u00a0:<\/p>\n<ul>\n<li>cr\u00e9er une structure organisationnelle avec les moyens et les structures appropri\u00e9es pour la mise en \u0153uvre d\u2019un Syst\u00e8me de gestion qui ex\u00e9cute la <strong>Politique de gestion<\/strong>\u00a0;<\/li>\n<li><strong>\u00e9valuer<\/strong>, au sein de l\u2019organisation et syst\u00e9matiquement, le <strong>Syst\u00e8me de gestion<\/strong>, ses proc\u00e9d\u00e9s et activit\u00e9s, et d\u00e9finir occasionnellement de nouveaux objectifs afin d\u2019am\u00e9liorer la performance\u00a0;<\/li>\n<li>assurer la <strong>qualification de ses ressources humaines<\/strong> au moyen de la formation et d\u2019informations pour qu\u2019elles puissent ex\u00e9cuter correctement leurs t\u00e2ches et contribuer \u00e0 l\u2019am\u00e9lioration de la qualit\u00e9 et de l\u2019environnement, et r\u00e9pondre efficacement dans des situations d\u2019urgence\u00a0;<\/li>\n<li><strong>\u00e9valuer en permanence les risques<\/strong> pour la qualit\u00e9, la s\u00e9curit\u00e9 et l\u2019environnement, notamment ceux qui peuvent \u00eatre \u00e0 l\u2019origine d\u2019\u00e9ventuels accidents graves impliquant des substances dangereuses, afin d\u2019\u00e9liminer ou att\u00e9nuer les impacts n\u00e9gatifs\u00a0;<\/li>\n<li>g\u00e9rer les modifications \u00e0 apporter dans les installations qui peuvent affecter le contr\u00f4le du risque d\u2019accidents, notamment le risque d\u2019accidents graves impliquant des substances dangereuses\u00a0;<\/li>\n<li>adopter, \u00e0 chaque fois que cela sera possible, <strong>des techniques et des technologies qui permettent d\u2019accompagner l\u2019\u00e9volution des march\u00e9s et les exigences des clients<\/strong>, et mettre en \u0153uvre des proc\u00e9dures qui assurent l\u2019ex\u00e9cution des activit\u00e9s, le fonctionnement des installations et les \u00e9quipements dans des conditions de s\u00e9curit\u00e9 et environnement\u00a0;<\/li>\n<li>\u00e9tablir un <strong>engagement de protection de l\u2019environnement<\/strong> en travaillant sur la pr\u00e9vention et le contr\u00f4le de la pollution via la gestion int\u00e9gr\u00e9e des d\u00e9chets produits, de l\u2019utilisation efficace de l\u2019\u00e9nergie et des ressources, afin de r\u00e9duire l\u2019impact environnemental des activit\u00e9s et des produits\u00a0;<\/li>\n<li>revoir la Politique de gestion aux intervalles temporels pr\u00e9vus, en vue de <strong>l\u2019am\u00e9lioration continue et en assurant l\u2019ad\u00e9quation<\/strong>\u00a0;<\/li>\n<li>respecter les obligations de conformit\u00e9 avec les exigences du client, les normes et les r\u00e8glements et autres applicables \u00e0 Eurospuma.<\/li>\n<\/ul>\n<p>La\u00a0<a href=\"#\">Politique de gestion<\/a>\u00a0est communiqu\u00e9e, connue et maintenue \u00e0 tous les niveaux de l\u2019Organisation.<\/p>\n<p>Notre Syst\u00e8me de gestion de l\u2019Environnement est certifi\u00e9 conform\u00e9ment \u00e0 la norme <strong>ISO 14001:2015<\/strong> et le Syst\u00e8me de gestion de la qualit\u00e9 conforme \u00e0 la norme <strong>ISO 9001:2015<\/strong>, reconnus par T\u00dcV Rheinland.<\/p>\n\t\t\t\t\t\t\t\t<\/div>\n\t\t\t\t<\/div>\n\t\t\t\t<div class=\"elementor-element elementor-element-8295ac8 elementor-widget elementor-widget-image\" data-id=\"8295ac8\" data-element_type=\"widget\" data-e-type=\"widget\" data-widget_type=\"image.default\">\n\t\t\t\t<div class=\"elementor-widget-container\">\n\t\t\t\t\t\t\t\t\t\t\t\t\t\t\t<img fetchpriority=\"high\" decoding=\"async\" width=\"768\" height=\"388\" src=\"https:\/\/eurospuma.com\/wp-content\/uploads\/2022\/08\/TR_Testmark_9108650727_EN_CMYK_without_QR_Code-768x388.jpg\" class=\"attachment-medium_large size-medium_large wp-image-4657\" alt=\"\" srcset=\"https:\/\/eurospuma.com\/wp-content\/uploads\/2022\/08\/TR_Testmark_9108650727_EN_CMYK_without_QR_Code-768x388.jpg 768w, https:\/\/eurospuma.com\/wp-content\/uploads\/2022\/08\/TR_Testmark_9108650727_EN_CMYK_without_QR_Code-300x152.jpg 300w, https:\/\/eurospuma.com\/wp-content\/uploads\/2022\/08\/TR_Testmark_9108650727_EN_CMYK_without_QR_Code.jpg 800w\" sizes=\"(max-width: 768px) 100vw, 768px\" \/>\t\t\t\t\t\t\t\t\t\t\t\t\t\t\t<\/div>\n\t\t\t\t<\/div>\n\t\t\t\t\t<\/div>\n\t\t\t\t<\/div>\n\t\t\t\t<\/div>\n\t\t","protected":false},"excerpt":{"rendered":"<p>Eurospuma se consacre \u00e0 la production de mousses en polyur\u00e9thane et de tissus non-tiss\u00e9s. Consciente de son activit\u00e9, la politique d\u2019Eurospuma consiste \u00e0 r\u00e9pondre aux besoins et aux attentes de ses clients et autres parties int\u00e9ress\u00e9es, dans un effort d\u2019am\u00e9lioration continue de l\u2019efficacit\u00e9 de ses proc\u00e9d\u00e9s, et \u00e0 pr\u00e9server l\u2019environnement, la sant\u00e9 et la s\u00e9curit\u00e9 [&hellip;]<\/p>\n","protected":false},"author":1,"featured_media":0,"parent":0,"menu_order":0,"comment_status":"closed","ping_status":"closed","template":"","meta":{"footnotes":""},"class_list":["post-5460","page","type-page","status-publish","hentry"],"_links":{"self":[{"href":"https:\/\/eurospuma.com\/fr\/wp-json\/wp\/v2\/pages\/5460","targetHints":{"allow":["GET"]}}],"collection":[{"href":"https:\/\/eurospuma.com\/fr\/wp-json\/wp\/v2\/pages"}],"about":[{"href":"https:\/\/eurospuma.com\/fr\/wp-json\/wp\/v2\/types\/page"}],"author":[{"embeddable":true,"href":"https:\/\/eurospuma.com\/fr\/wp-json\/wp\/v2\/users\/1"}],"replies":[{"embeddable":true,"href":"https:\/\/eurospuma.com\/fr\/wp-json\/wp\/v2\/comments?post=5460"}],"version-history":[{"count":1,"href":"https:\/\/eurospuma.com\/fr\/wp-json\/wp\/v2\/pages\/5460\/revisions"}],"predecessor-version":[{"id":5461,"href":"https:\/\/eurospuma.com\/fr\/wp-json\/wp\/v2\/pages\/5460\/revisions\/5461"}],"wp:attachment":[{"href":"https:\/\/eurospuma.com\/fr\/wp-json\/wp\/v2\/media?parent=5460"}],"curies":[{"name":"wp","href":"https:\/\/api.w.org\/{rel}","templated":true}]}}