{"id":5456,"date":"2023-07-24T14:02:52","date_gmt":"2023-07-24T14:02:52","guid":{"rendered":"https:\/\/eurospuma.com\/regles-dutilisation\/"},"modified":"2023-07-24T14:02:52","modified_gmt":"2023-07-24T14:02:52","slug":"regles-dutilisation","status":"publish","type":"page","link":"https:\/\/eurospuma.com\/fr\/regles-dutilisation\/","title":{"rendered":"R\u00e8gles d\u2019utilisation"},"content":{"rendered":"\t\t<div data-elementor-type=\"wp-page\" data-elementor-id=\"5456\" class=\"elementor elementor-5456 elementor-1761\" data-elementor-post-type=\"page\">\n\t\t\t\t<div class=\"elementor-element elementor-element-219f75c9 e-flex e-con-boxed e-con e-parent\" data-id=\"219f75c9\" data-element_type=\"container\" data-e-type=\"container\" data-settings=\"{&quot;jet_parallax_layout_list&quot;:[]}\">\n\t\t\t\t\t<div class=\"e-con-inner\">\n\t\t\t\t<div class=\"elementor-element elementor-element-41c51f27 home-title animations-reveals elementor-widget elementor-widget-heading\" data-id=\"41c51f27\" data-element_type=\"widget\" data-e-type=\"widget\" data-widget_type=\"heading.default\">\n\t\t\t\t<div class=\"elementor-widget-container\">\n\t\t\t\t\t<h2 class=\"elementor-heading-title elementor-size-default\">R\u00e8gles d\u2019utilisation<\/h2>\t\t\t\t<\/div>\n\t\t\t\t<\/div>\n\t\t\t\t<div class=\"elementor-element elementor-element-6f991bd elementor-widget elementor-widget-text-editor\" data-id=\"6f991bd\" data-element_type=\"widget\" data-e-type=\"widget\" data-widget_type=\"text-editor.default\">\n\t\t\t\t<div class=\"elementor-widget-container\">\n\t\t\t\t\t\t\t\t\t<p><strong>Copyright \u00a9 2022 Eurospuma S.A.<\/strong><\/p>\n<p><strong>Tous les droits r\u00e9serv\u00e9s.<\/strong><\/p>\n<p>Aucune partie de ce site ne peut \u00eatre reproduite en tout ou en partie sans l\u2019autorisation pr\u00e9alable d\u2019Eurospuma S.A.<\/p>\n<p>Merci de bien vouloir nous informer de toute erreur ou lien bris\u00e9 sur ce site en envoyant un email \u00e0\u00a0: <a href=\"mailto:geral@eurospuma.pt\">geral@eurospuma.pt<\/a>.<\/p>\n<p>La consultation des publications sur support \u00e9lectronique d\u2019Eurospuma S.A. suppose que le lecteur a pris connaissance de cet avertissement et que cette publication, ainsi que tous ses \u00e9l\u00e9ments, sont prot\u00e9g\u00e9s par le droit portugais, en vertu du Code des Droits d\u2019auteur et droits connexes et du Code de la propri\u00e9t\u00e9 industrielle, l\u2019invocation de l\u2019ignorance de cette protection l\u00e9gale n\u2019\u00e9tant pas admise.<\/p>\n<p>La consultation de ces publications sur support \u00e9lectronique d\u2019Eurospuma S.A. suppose que le lecteur a accept\u00e9 les conditions et les dispositions contenues dans les clauses suivantes, l\u2019invocation de leur ignorance ou leur non-acceptation n\u2019\u00e9tant pas admise.<\/p>\n<p><strong>1.<\/strong> Tous les textes, images, illustrations, photos, publicit\u00e9s, marques et autres \u00e9l\u00e9ments contenus dans ces publications \u00e9lectroniques (d\u00e9sign\u00e9s contenus) sont prot\u00e9g\u00e9s par la loi, toute copie, reproduction, diffusion ou transmission, utilisation, modification, vente, publication, distribution ou toute autre utilisation, partielle ou totale, commerciale ou non commerciale du contenu de cette publication et de contenus auxquels vous avez eu acc\u00e8s par le biais de ladite publication sont strictement interdits, quels que soient les moyens utilis\u00e9s.<\/p>\n<p><strong>2.<\/strong> Les utilisations libres autoris\u00e9es par la loi, notamment le droit de citation, font exception \u00e0 la r\u00e8gle, pour autant que l\u2019origine soit clairement identifi\u00e9e.<\/p>\n<p><strong>3.<\/strong> L\u2019usurpation, la contrefa\u00e7on, l\u2019exploitation du contenu usurp\u00e9 ou contrefait, l\u2019identification ill\u00e9gale et la concurrence d\u00e9loyale sont p\u00e9nalement punissables.<\/p>\n<p><strong>4.<\/strong> Eurospuma S.A. se r\u00e9serve le droit d\u2019intenter des poursuites judiciaires contre les auteurs de toute copie, reproduction ou autre utilisation non autoris\u00e9e du contenu de cette publication ou de contenus auxquels vous aurez acc\u00e9d\u00e9s via cette publication, et rejette toute responsabilit\u00e9 d\u00e9coulant de l\u2019utilisation non autoris\u00e9e de ce contenu par des tiers.<\/p>\n<p><strong>5.<\/strong> Eurospuma .S.A. consid\u00e8re ses publications \u00e9lectroniques soumises \u00e0 la l\u00e9gislation portugaise relative \u00e0 la presse, dans la mesure o\u00f9 celle-ci lui est applicable et notamment aux effets de responsabilit\u00e9 des faits, opinions, articles et commentaires de personnes ou d\u2019organismes d\u00fbment identifi\u00e9s, ainsi que par rapport \u00e0 la protection des sources et autres devoirs, droits et libert\u00e9s applicables \u00e0 la presse \u00e9crite.<\/p>\n<p><strong>6.<\/strong> Eurospuma S.A. rejette toute responsabilit\u00e9 pour cause de d\u00e9faillances, interruptions, retards, erreurs ou omissions relatives ou d\u00e9coulant de la transmission de son \u00e9dition \u00e9lectronique, qui ne lui soient pas directement imputables, auquel cas la responsabilit\u00e9 sera limit\u00e9e aux sommes que l\u2019utilisateur aura effectivement d\u00e9bours\u00e9es dans le cadre de la consultation de ladite \u00e9dition \u00e9lectronique.<\/p>\n<p><strong>7.<\/strong> Les publications \u00e9lectroniques d\u2019Eurospuma .S.A sont r\u00e9gies par la l\u00e9gislation portugaise.<\/p>\n\t\t\t\t\t\t\t\t<\/div>\n\t\t\t\t<\/div>\n\t\t\t\t\t<\/div>\n\t\t\t\t<\/div>\n\t\t\t\t<\/div>\n\t\t","protected":false},"excerpt":{"rendered":"<p>Copyright \u00a9 2022 Eurospuma S.A. Tous les droits r\u00e9serv\u00e9s. Aucune partie de ce site ne peut \u00eatre reproduite en tout ou en partie sans l\u2019autorisation pr\u00e9alable d\u2019Eurospuma S.A. Merci de bien vouloir nous informer de toute erreur ou lien bris\u00e9 sur ce site en envoyant un email \u00e0\u00a0: geral@eurospuma.pt. La consultation des publications sur support [&hellip;]<\/p>\n","protected":false},"author":1,"featured_media":0,"parent":0,"menu_order":0,"comment_status":"closed","ping_status":"closed","template":"","meta":{"footnotes":""},"class_list":["post-5456","page","type-page","status-publish","hentry"],"_links":{"self":[{"href":"https:\/\/eurospuma.com\/fr\/wp-json\/wp\/v2\/pages\/5456","targetHints":{"allow":["GET"]}}],"collection":[{"href":"https:\/\/eurospuma.com\/fr\/wp-json\/wp\/v2\/pages"}],"about":[{"href":"https:\/\/eurospuma.com\/fr\/wp-json\/wp\/v2\/types\/page"}],"author":[{"embeddable":true,"href":"https:\/\/eurospuma.com\/fr\/wp-json\/wp\/v2\/users\/1"}],"replies":[{"embeddable":true,"href":"https:\/\/eurospuma.com\/fr\/wp-json\/wp\/v2\/comments?post=5456"}],"version-history":[{"count":1,"href":"https:\/\/eurospuma.com\/fr\/wp-json\/wp\/v2\/pages\/5456\/revisions"}],"predecessor-version":[{"id":5457,"href":"https:\/\/eurospuma.com\/fr\/wp-json\/wp\/v2\/pages\/5456\/revisions\/5457"}],"wp:attachment":[{"href":"https:\/\/eurospuma.com\/fr\/wp-json\/wp\/v2\/media?parent=5456"}],"curies":[{"name":"wp","href":"https:\/\/api.w.org\/{rel}","templated":true}]}}