{"id":5454,"date":"2023-07-24T14:01:09","date_gmt":"2023-07-24T14:01:09","guid":{"rendered":"https:\/\/eurospuma.com\/politique-de-cookies\/"},"modified":"2023-07-24T14:01:09","modified_gmt":"2023-07-24T14:01:09","slug":"politique-de-cookies","status":"publish","type":"page","link":"https:\/\/eurospuma.com\/fr\/politique-de-cookies\/","title":{"rendered":"Politique de cookies"},"content":{"rendered":"\t\t<div data-elementor-type=\"wp-page\" data-elementor-id=\"5454\" class=\"elementor elementor-5454 elementor-1746\" data-elementor-post-type=\"page\">\n\t\t\t\t<div class=\"elementor-element elementor-element-219f75c9 e-flex e-con-boxed e-con e-parent\" data-id=\"219f75c9\" data-element_type=\"container\" data-e-type=\"container\" data-settings=\"{&quot;jet_parallax_layout_list&quot;:[]}\">\n\t\t\t\t\t<div class=\"e-con-inner\">\n\t\t\t\t<div class=\"elementor-element elementor-element-41c51f27 home-title animations-reveals elementor-widget elementor-widget-heading\" data-id=\"41c51f27\" data-element_type=\"widget\" data-e-type=\"widget\" data-widget_type=\"heading.default\">\n\t\t\t\t<div class=\"elementor-widget-container\">\n\t\t\t\t\t<h2 class=\"elementor-heading-title elementor-size-default\">Politique de cookies<\/h2>\t\t\t\t<\/div>\n\t\t\t\t<\/div>\n\t\t\t\t<div class=\"elementor-element elementor-element-6f991bd elementor-widget elementor-widget-text-editor\" data-id=\"6f991bd\" data-element_type=\"widget\" data-e-type=\"widget\" data-widget_type=\"text-editor.default\">\n\t\t\t\t<div class=\"elementor-widget-container\">\n\t\t\t\t\t\t\t\t\t<h5><strong>1. Qu\u2019est-ce que les cookies\u00a0?<\/strong><\/h5>\n<p>Les \u00ab\u00a0cookies\u00a0\u00bb sont de petites \u00e9tiquettes logicielles stock\u00e9es sur votre ordinateur par le biais de votre navigateur Internet et qui ne retiennent que les informations li\u00e9es \u00e0 vos pr\u00e9f\u00e9rences. Par cons\u00e9quent, elles ne comprennent pas vos donn\u00e9es personnelles.<\/p>\n<h5><strong>2. \u00c0 quoi les cookies servent-ils\u00a0?<\/strong><\/h5>\n<p>Les cookies aident \u00e0 d\u00e9terminer l\u2019utilit\u00e9, l\u2019int\u00e9r\u00eat et le nombre d\u2019utilisations de vos sites, permettant ainsi une navigation plus rapide et efficace sans avoir \u00e0 saisir sans cesse les m\u00eames informations.<\/p>\n<h5><strong>3. Quel type de cookies utilisons-nous\u00a0?<\/strong><\/h5>\n<p>Deux groupes de cookies peuvent \u00eatre utilis\u00e9s\u00a0:<\/p>\n<p><strong>Cookies permanents\u00a0:<\/strong> cookies stock\u00e9s au niveau de votre navigateur, dans vos appareils d\u2019acc\u00e8s (PC, smartphone et tablette) et utilis\u00e9s \u00e0 chaque fois que vous visitez \u00e0 nouveau nos sites. En g\u00e9n\u00e9ral, ils sont utilis\u00e9s pour diriger la navigation aux int\u00e9r\u00eats de l\u2019utilisateur, ce qui nous permet de fournir un service encore plus personnalis\u00e9.<\/p>\n<p><strong>Cookies de session\u00a0:<\/strong> cookies temporaires stock\u00e9s dans l\u2019archive de cookies de votre navigateur jusqu\u2019\u00e0 ce que vous quittiez le site. Les informations obtenues par ces cookies permettent d\u2019analyser les habitudes de trafic sur le web, d\u2019identifier des probl\u00e8mes et offrir une meilleure exp\u00e9rience de navigation.<\/p>\n<h5><strong>4. \u00c0 quelles fins utilisons-nous les cookies\u00a0?<\/strong><\/h5>\n<p><strong>Cookies strictement n\u00e9cessaires\u00a0:<\/strong> Ils vous permettent de surfer sur le site et d\u2019utiliser vos applications, ainsi que d\u2019acc\u00e9der aux espaces s\u00e9curis\u00e9s du site. Sans ces cookies, les services demand\u00e9s ne pourront \u00eatre fournis.<\/p>\n<p><strong>Cookies analytiques\u00a0:<\/strong> Utilis\u00e9s de fa\u00e7on anonyme aux effets de cr\u00e9ation et analyse de statistiques, afin d\u2019am\u00e9liorer le fonctionnement du site.<\/p>\n<p><strong>Cookies de fonctionnalit\u00e9\u00a0:<\/strong> Enregistrent les pr\u00e9f\u00e9rences de l\u2019utilisateur concernant l\u2019utilisation du site pour ne pas avoir \u00e0 configurer le site \u00e0 chaque fois que vous le consulterez.<\/p>\n<p><strong>Cookies de tiers\u00a0:<\/strong> Mesurent le succ\u00e8s d\u2019applications et l&rsquo;efficacit\u00e9 de la publicit\u00e9 de tiers. Ils peuvent \u00e9galement \u00eatre utilis\u00e9s afin de personnaliser un widget avec les donn\u00e9es de l\u2019utilisateur.<\/p>\n<p><strong>Cookies de publicit\u00e9\u00a0:<\/strong> Ils ciblent la publicit\u00e9 selon les int\u00e9r\u00eats de chaque utilisateur, afin de cibler les campagnes publicitaires en tenant compte des go\u00fbts des utilisateurs.<\/p>\n<p>En outre, ils limitent le nombre de fois que vous visualisez l\u2019annonce, tout en aidant \u00e0 mesurer l\u2019efficacit\u00e9 de la publicit\u00e9 et le succ\u00e8s de l\u2019organisation du site.<\/p>\n<h5><strong>5. Comment pouvez-vous g\u00e9rer les cookies\u00a0?<\/strong><\/h5>\n<p>Tous les navigateurs permettent \u00e0 l\u2019utilisateur d&rsquo;accepter, de refuser ou d\u2019effacer les cookies, notamment en s\u00e9lectionnant les d\u00e9finitions appropri\u00e9es dans le navigateur. Vous pouvez configurer les cookies dans le menu \u00ab\u00a0options\u00a0\u00bb ou \u00ab\u00a0pr\u00e9f\u00e9rences\u00a0\u00bb de votre navigateur.<\/p>\n<p>Notez toutefois qu\u2019en d\u00e9sactivant les cookies, le fonctionnement de certains services web pourra \u00eatre compromis, ce qui affectera, en tout ou en partie, la navigation sur le site.<\/p>\n<p>Les utilisateurs peuvent d\u00e9sactiver l\u2019utilisation des cookies sur cette page \u00e0 tout moment en modifiant les configurations du navigateur, par exemple\u00a0:<\/p>\n<p>Google Chrome\u00a0:<br \/>\nInternet Explorer\u00a0:<br \/>\nMozilla Firefox\u00a0:<br \/>\nApple Safari\u00a0:<\/p>\n<h5><strong>6. Que se passe-t-il lorsque les cookies sont d\u00e9sactiv\u00e9s\u00a0?<\/strong><\/h5>\n<p>Certaines fonctions et services pourront cesser de fonctionner ou pr\u00e9senter un comportement inattendu, par exemple, l\u2019identification de l\u2019utilisateur sur certaines pages ou la r\u00e9ception d\u2019informations qui tiennent compte de la localisation de l\u2019utilisateur, entre autres.<\/p>\n<p>Si vous d\u00e9sactivez les cookies de cette page web, il se peut que vous n\u2019ayez pas acc\u00e8s \u00e0 certains espaces ou que la qualit\u00e9 de votre exp\u00e9rience de navigation soit consid\u00e9rablement affect\u00e9e.<\/p>\n<h5><strong>7. Les cookies utilis\u00e9s sur cette page web<\/strong><\/h5>\n<p>Vous pourrez consulter ci-apr\u00e8s un tableau qui r\u00e9sume les cookies utilis\u00e9s sur cette page web\u00a0:<\/p>\n<p>Cookies propres<\/p>\n<table class=\"t1\" cellspacing=\"0\" cellpadding=\"0\">\n<tbody>\n<tr>\n<td class=\"td1\" valign=\"top\">\n<p class=\"p1\">Fournisseur<\/p>\n<\/td>\n<td class=\"td2\" valign=\"top\">\n<p class=\"p1\">Cookies<\/p>\n<\/td>\n<td class=\"td3\" valign=\"top\">\n<p class=\"p1\">Dur\u00e9e<\/p>\n<\/td>\n<td class=\"td3\" valign=\"top\">\n<p class=\"p1\">Type<\/p>\n<\/td>\n<td class=\"td4\" valign=\"top\">\n<p class=\"p1\">Fin<\/p>\n<\/td>\n<\/tr>\n<tr>\n<td class=\"td5\" valign=\"top\">\n<p class=\"p1\">www.eurospuma.com<\/p>\n<\/td>\n<td class=\"td6\" valign=\"top\">\n<p class=\"p1\">eurospuma<\/p>\n<\/td>\n<td class=\"td7\" valign=\"top\">\n<p class=\"p1\">Jusqu\u2019\u00e0 la fin de la session<\/p>\n<\/td>\n<td class=\"td7\" valign=\"top\">\n<p class=\"p1\">Session<\/p>\n<\/td>\n<td class=\"td8\" valign=\"top\">\n<p class=\"p1\">Ce cookie est utilis\u00e9 par le PHP afin de permettre l\u2019enregistrement des variables de session sur le serveur web. Ce cookie est essentiel au fonctionnement du site.<\/p>\n<\/td>\n<\/tr>\n<tr>\n<td class=\"td9\" valign=\"top\">\n<p class=\"p1\">www.eurospuma.com<\/p>\n<\/td>\n<td class=\"td10\" valign=\"top\">\n<p class=\"p1\">show_video<\/p>\n<\/td>\n<td class=\"td11\" valign=\"top\">\n<p class=\"p1\">Une heure<\/p>\n<\/td>\n<td class=\"td11\" valign=\"top\">\n<p class=\"p1\">Permanent<\/p>\n<\/td>\n<td class=\"td12\" valign=\"top\">\n<p class=\"p1\">D\u00e9finir l\u2019heure \u00e0 laquelle la vid\u00e9o promotionnelle de l\u2019entreprise a \u00e9t\u00e9 pr\u00e9sent\u00e9e<\/p>\n<\/td>\n<\/tr>\n<tr>\n<td class=\"td1\" valign=\"top\">\n<p class=\"p1\">www.eurospuma.com<\/p>\n<\/td>\n<td class=\"td2\" valign=\"top\">\n<p class=\"p1\">lang<\/p>\n<\/td>\n<td class=\"td3\" valign=\"top\">\n<p class=\"p1\">Un an<\/p>\n<\/td>\n<td class=\"td3\" valign=\"top\">\n<p class=\"p1\">Permanent<\/p>\n<\/td>\n<td class=\"td4\" valign=\"top\">\n<p class=\"p1\">Identifier la langue utilis\u00e9e sur le site pendant la navigation.<\/p>\n<\/td>\n<\/tr>\n<tr>\n<td class=\"td9\" valign=\"top\">\n<p class=\"p1\">www.eurospuma.com<\/p>\n<\/td>\n<td class=\"td10\" valign=\"top\">\n<p class=\"p1\">allow_cookies<\/p>\n<\/td>\n<td class=\"td11\" valign=\"top\">\n<p class=\"p1\">Un an<\/p>\n<\/td>\n<td class=\"td11\" valign=\"top\">\n<p class=\"p1\">Permanent<\/p>\n<\/td>\n<td class=\"td12\" valign=\"top\">\n<p class=\"p1\">Identifier si l\u2019utilisateur a d\u00e9j\u00e0 accept\u00e9 la politique de cookies.<\/p>\n<\/td>\n<\/tr>\n<tr>\n<td class=\"td13\" valign=\"top\">\n<p class=\"p1\">Google<\/p>\n<\/td>\n<td class=\"td14\" valign=\"top\">\n<p class=\"p1\">_gid<\/p>\n<\/td>\n<td class=\"td15\" valign=\"top\">\n<p class=\"p1\">24\u00a0heures<\/p>\n<\/td>\n<td class=\"td15\" valign=\"top\">\n<p class=\"p1\">Permanent<\/p>\n<\/td>\n<td class=\"td16\" valign=\"top\">\n<p class=\"p1\">Fait partie de Google Analytics. Utilis\u00e9 pour distinguer les utilisateurs (<a href=\"https:\/\/www.google.com\/url?q=https:\/\/developers.google.com\/analytics\/devguides\/collection\/analyticsjs\/cookie-usage?hl=es-419%2523analyticsjs&amp;sa=D&amp;source=editors&amp;ust=1685459186969056&amp;usg=AOvVaw1GX2VD5GPOdGNU6mByfVk1\"><span class=\"s1\">voir plus ici<\/span><\/a>).<\/p>\n<\/td>\n<\/tr>\n<tr>\n<td class=\"td13\" valign=\"top\">\n<p class=\"p1\">Google<\/p>\n<\/td>\n<td class=\"td14\" valign=\"top\">\n<p class=\"p1\">_ga<\/p>\n<\/td>\n<td class=\"td15\" valign=\"top\">\n<p class=\"p1\">Deux ans<\/p>\n<\/td>\n<td class=\"td15\" valign=\"top\">\n<p class=\"p1\">Permanent<\/p>\n<\/td>\n<td class=\"td16\" valign=\"top\">\n<p class=\"p1\">Fait partie de Google Analytics. Utilis\u00e9 pour distinguer les utilisateurs (<a href=\"https:\/\/www.google.com\/url?q=https:\/\/developers.google.com\/analytics\/devguides\/collection\/analyticsjs\/cookie-usage?hl=es-419%2523analyticsjs&amp;sa=D&amp;source=editors&amp;ust=1685459186970969&amp;usg=AOvVaw2VJKYXVHGJy4sgkBTYry3v\"><span class=\"s1\">voir plus ici<\/span><\/a>).<\/p>\n<\/td>\n<\/tr>\n<tr>\n<td class=\"td17\" valign=\"top\">\n<p class=\"p1\">Google<\/p>\n<\/td>\n<td class=\"td18\" valign=\"top\">\n<p class=\"p1\">_gat<\/p>\n<\/td>\n<td class=\"td19\" valign=\"top\">\n<p class=\"p1\">10\u00a0minutes<\/p>\n<\/td>\n<td class=\"td19\" valign=\"top\">\n<p class=\"p1\">Permanent<\/p>\n<\/td>\n<td class=\"td20\" valign=\"top\">\n<p class=\"p1\">Fait partie de Google Analytics. Utilis\u00e9 pour limiter le pourcentage de demandes (<a href=\"https:\/\/www.google.com\/url?q=https:\/\/developers.google.com\/analytics\/devguides\/collection\/analyticsjs\/cookie-usage?hl=es-419%2523analyticsjs&amp;sa=D&amp;source=editors&amp;ust=1685459186972928&amp;usg=AOvVaw0lU_TjP6qwsmBJ356pwgmN\"><span class=\"s1\">voir plus ici<\/span><\/a>).<\/p>\n<\/td>\n<\/tr>\n<\/tbody>\n<\/table>\n<p class=\"p1\">Cookies de tiers<\/p>\n<table class=\"t1\" cellspacing=\"0\" cellpadding=\"0\">\n<tbody>\n<tr>\n<td class=\"td21\" valign=\"top\">\n<p class=\"p1\">Fournisseur<\/p>\n<\/td>\n<td class=\"td22\" valign=\"top\">\n<p class=\"p1\">Cookies<\/p>\n<\/td>\n<td class=\"td23\" valign=\"top\">\n<p class=\"p1\">Dur\u00e9e<\/p>\n<\/td>\n<td class=\"td24\" valign=\"top\">\n<p class=\"p1\">Type<\/p>\n<\/td>\n<td class=\"td25\" valign=\"top\">\n<p class=\"p1\">Fin<\/p>\n<\/td>\n<\/tr>\n<tr>\n<td class=\"td26\" valign=\"top\">\n<p class=\"p1\">Youtube<\/p>\n<\/td>\n<td class=\"td27\" valign=\"top\">\n<p class=\"p1\">SID, APISID, SSID, SAPISID, VISITOR_INFO1_LIVE, PREF, HSID, LOGIN_INFO<\/p>\n<\/td>\n<td class=\"td28\" valign=\"top\">\n<p class=\"p1\">Deux ans.<\/p>\n<\/td>\n<td class=\"td29\" valign=\"top\">\n<p class=\"p1\">Permanent<\/p>\n<\/td>\n<td class=\"td30\" valign=\"top\">\n<p class=\"p1\">Am\u00e9liorent l\u2019exp\u00e9rience de l\u2019utilisateur et enregistrent certaines pr\u00e9f\u00e9rences de navigation sur Youtube.<\/p>\n<\/td>\n<\/tr>\n<tr>\n<td class=\"td31\" valign=\"top\">\n<p class=\"p1\">Google<\/p>\n<\/td>\n<td class=\"td32\" valign=\"top\">\n<p class=\"p1\">PREF, HSID, S, APISID, SAPISID, SID, 1P_JAR, SIDCC, NID, SSID, OGPC, CONSENT, 1P_JAR, S_adsense3-ui<\/p>\n<\/td>\n<td class=\"td33\" valign=\"top\">\n<p class=\"p1\">Deux ans.<\/p>\n<\/td>\n<td class=\"td34\" valign=\"top\">\n<p class=\"p1\">Permanent<\/p>\n<\/td>\n<td class=\"td35\" valign=\"top\">\n<p class=\"p1\">Lorsque vous cr\u00e9ez un compte Google ou que vous vous connectez, les cookies PREF, NID, HSID, APISID, SID, SSID, SAPISID, GAPS, LSID, BEAT et ULS sont stock\u00e9s sur l\u2019ordinateur afin de rester connect\u00e9s \u00e0 votre compte Google lorsque vous acc\u00e9derez \u00e0 nouveau au service. Tant que vous resterez connect\u00e9 et que vous utiliserez des plugins d\u2019autres sites web sur le n\u00f4tre, Google se servira de ces cookies afin d\u2019am\u00e9liorer votre exp\u00e9rience utilisateur. Certains des cookies sont \u00e9galement utilis\u00e9s pour am\u00e9liorer votre exp\u00e9rience de navigation, par ex., lorsque vous utilisez Google maps.<\/p>\n<\/td>\n<\/tr>\n<\/tbody>\n<\/table>\n<h5>\n<strong>8. Garanties suppl\u00e9mentaires et r\u00e9vocation de l\u2019acceptation<\/strong><\/h5>\n<p>Eurospuma ne saurait \u00eatre tenue responsable du contenu et de l\u2019authenticit\u00e9 des politiques de confidentialit\u00e9 d\u2019\u00e9l\u00e9ments de tiers \u00e9ventuellement inclus sur cette page web.<\/p>\n<p>Au titre de garantie suppl\u00e9mentaire, l\u2019enregistrement des cookies sur cette page peut \u00eatre soumis \u00e0 l\u2019acceptation, de la part de l\u2019utilisateur, des cookies, lors de sa visite de la page web et \u00e0 l\u2019installation ou au rafra\u00eechissement du navigateur utilis\u00e9.<\/p>\n<p>Il est possible de r\u00e9voquer cette acceptation \u00e0 tout moment dans les configurations du contenu et de confidentialit\u00e9, tel qu\u2019\u00e9tabli ci-dessus au point 5 de la pr\u00e9sente politique ou en cliquant sur le lien au bas de cette page.<\/p>\n<h5><strong>9. Mise \u00e0 jour de la politique de cookies<\/strong><\/h5>\n<p>Eurospuma peut modifier la pr\u00e9sente politique de cookies conform\u00e9ment aux exigences l\u00e9gales ou r\u00e9glementaires ou l\u2019adapter \u00e0 de nouvelles instructions d\u00e9cr\u00e9t\u00e9es par la loi. Les utilisateurs de la page web seront notifi\u00e9s en cas de modifications importantes apport\u00e9es \u00e0 la pr\u00e9sente politique de cookies.<\/p>\n<p><strong>Plus d\u2019informations sur les Cookies<\/strong><\/p>\n<p>Vous pouvez obtenir plus d\u2019informations sur les cookies en cliquant sur ce lien\u00a0:\u00a0www.allaboutcookies.org<\/p>\n\t\t\t\t\t\t\t\t<\/div>\n\t\t\t\t<\/div>\n\t\t\t\t\t<\/div>\n\t\t\t\t<\/div>\n\t\t\t\t<\/div>\n\t\t","protected":false},"excerpt":{"rendered":"<p>1. Qu\u2019est-ce que les cookies\u00a0? Les \u00ab\u00a0cookies\u00a0\u00bb sont de petites \u00e9tiquettes logicielles stock\u00e9es sur votre ordinateur par le biais de votre navigateur Internet et qui ne retiennent que les informations li\u00e9es \u00e0 vos pr\u00e9f\u00e9rences. Par cons\u00e9quent, elles ne comprennent pas vos donn\u00e9es personnelles. 2. \u00c0 quoi les cookies servent-ils\u00a0? Les cookies aident \u00e0 d\u00e9terminer l\u2019utilit\u00e9, [&hellip;]<\/p>\n","protected":false},"author":1,"featured_media":0,"parent":0,"menu_order":0,"comment_status":"closed","ping_status":"closed","template":"","meta":{"footnotes":""},"class_list":["post-5454","page","type-page","status-publish","hentry"],"_links":{"self":[{"href":"https:\/\/eurospuma.com\/fr\/wp-json\/wp\/v2\/pages\/5454","targetHints":{"allow":["GET"]}}],"collection":[{"href":"https:\/\/eurospuma.com\/fr\/wp-json\/wp\/v2\/pages"}],"about":[{"href":"https:\/\/eurospuma.com\/fr\/wp-json\/wp\/v2\/types\/page"}],"author":[{"embeddable":true,"href":"https:\/\/eurospuma.com\/fr\/wp-json\/wp\/v2\/users\/1"}],"replies":[{"embeddable":true,"href":"https:\/\/eurospuma.com\/fr\/wp-json\/wp\/v2\/comments?post=5454"}],"version-history":[{"count":1,"href":"https:\/\/eurospuma.com\/fr\/wp-json\/wp\/v2\/pages\/5454\/revisions"}],"predecessor-version":[{"id":5455,"href":"https:\/\/eurospuma.com\/fr\/wp-json\/wp\/v2\/pages\/5454\/revisions\/5455"}],"wp:attachment":[{"href":"https:\/\/eurospuma.com\/fr\/wp-json\/wp\/v2\/media?parent=5454"}],"curies":[{"name":"wp","href":"https:\/\/api.w.org\/{rel}","templated":true}]}}