{"id":5450,"date":"2023-07-24T13:56:09","date_gmt":"2023-07-24T13:56:09","guid":{"rendered":"https:\/\/eurospuma.com\/politique-de-confidentialite\/"},"modified":"2023-07-24T13:56:54","modified_gmt":"2023-07-24T13:56:54","slug":"politique-de-confidentialite","status":"publish","type":"page","link":"https:\/\/eurospuma.com\/fr\/politique-de-confidentialite\/","title":{"rendered":"Politique de confidentialit\u00e9"},"content":{"rendered":"\t\t<div data-elementor-type=\"wp-page\" data-elementor-id=\"5450\" class=\"elementor elementor-5450 elementor-3\" data-elementor-post-type=\"page\">\n\t\t\t\t<div class=\"elementor-element elementor-element-219f75c9 e-flex e-con-boxed e-con e-parent\" data-id=\"219f75c9\" data-element_type=\"container\" data-e-type=\"container\" data-settings=\"{&quot;jet_parallax_layout_list&quot;:[]}\">\n\t\t\t\t\t<div class=\"e-con-inner\">\n\t\t\t\t<div class=\"elementor-element elementor-element-41c51f27 home-title animations-reveals elementor-widget elementor-widget-heading\" data-id=\"41c51f27\" data-element_type=\"widget\" data-e-type=\"widget\" data-widget_type=\"heading.default\">\n\t\t\t\t<div class=\"elementor-widget-container\">\n\t\t\t\t\t<h2 class=\"elementor-heading-title elementor-size-default\">Politique de confidentialit\u00e9<\/h2>\t\t\t\t<\/div>\n\t\t\t\t<\/div>\n\t\t\t\t<div class=\"elementor-element elementor-element-6f991bd elementor-widget elementor-widget-text-editor\" data-id=\"6f991bd\" data-element_type=\"widget\" data-e-type=\"widget\" data-widget_type=\"text-editor.default\">\n\t\t\t\t<div class=\"elementor-widget-container\">\n\t\t\t\t\t\t\t\t\t<h5><strong>1. Champ d\u2019application de notre Politique de confidentialit\u00e9<\/strong><\/h5>\n<p>La collecte et le traitement de donn\u00e9es personnelles ont \u00e9t\u00e9 mis en place de fa\u00e7on \u00e0 respecter le R\u00e8glement (UE) 2016\/679 du Parlement Europ\u00e9en et du Conseil, du 27 avril 2016, concernant la protection des personnes physiques concernant le traitement de donn\u00e9es personnelles et la libre circulation de ces donn\u00e9es et qui r\u00e9voque la Directive 95\/46\/CE (R\u00e8glement G\u00e9n\u00e9ral sur la Protection des Donn\u00e9es).<\/p>\n<h5><strong>2. Qu\u2019est-ce que les donn\u00e9es personnelles\u00a0?<\/strong><\/h5>\n<p>Les donn\u00e9es personnelles se rapportent \u00e0 toutes les informations relatives \u00e0 une personne physique identifi\u00e9e ou identifiable (\u00ab titulaire des donn\u00e9es \u00bb) ; une personne physique pouvant \u00eatre identifi\u00e9e, directement ou indirectement, notamment en r\u00e9f\u00e9rence \u00e0 un identifiant, tel que le nom, le num\u00e9ro d\u2019identification, les donn\u00e9es de localisation, les identifiants par voie \u00e9lectronique ou un ou plusieurs \u00e9l\u00e9ments pr\u00e9cis de l\u2019identit\u00e9 physique, physiologique, g\u00e9n\u00e9tique, mentale, \u00e9conomique, culturelle ou sociale de cette personne physique est consid\u00e9r\u00e9e comme une personne identifiable. Lorsque vous communiquez avec nous, nous pourrons collecter des donn\u00e9es personnelles. Ces informations pourront contenir : votre nom, num\u00e9ro de t\u00e9l\u00e9phone, photo, sexe, email, num\u00e9ro de carte d\u2019identit\u00e9, profession, etc.<\/p>\n<h5><strong>3. \u00c0 quelle fin les donn\u00e9es personnelles sont-elles collect\u00e9es\u00a0?<\/strong><\/h5>\n<p>Les donn\u00e9es personnelles que vous renseignerez ont pour objectif la gestion de la relation contractuelle, la prestation des services fournis, l\u2019ad\u00e9quation des services aux besoins et aux int\u00e9r\u00eats du Client, d\u2019actions d\u2019information et marketing et la s\u00e9curit\u00e9 de personnes et de biens. Aucune information ou donn\u00e9e personnelle ne sera collect\u00e9e ou trait\u00e9e dans le but de permettre leur exploitation, par quelque forme que ce soit, par des tiers.<\/p>\n<h5><strong>4. Comment la s\u00e9curit\u00e9 du traitement de vos donn\u00e9es personnelles est-elle assur\u00e9e\u00a0?<\/strong><\/h5>\n<p>Vos donn\u00e9es peuvent \u00eatre collect\u00e9es oralement, par \u00e9crit (notamment par le biais de formulaires et de contrats), tout comme par des moyens \u00e9lectroniques. La protection de vos donn\u00e9es personnelles contre toute perte, destruction, modification, acc\u00e8s ou utilisation abusive ou non autoris\u00e9e est assur\u00e9e gr\u00e2ce \u00e0 l\u2019adoption de toutes les mesures l\u00e9galement pr\u00e9vues \u00e0 cette fin. Malgr\u00e9 nos efforts, sachez qu\u2019Internet peut ne pas \u00eatre un endroit de communication s\u00e9curis\u00e9. En effet, les informations transmises via Internet pourront \u00eatre intercept\u00e9es par des tiers. Ainsi, nous ne pouvons pas assurer, dans l\u2019absolu, la s\u00e9curit\u00e9 et l\u2019authenticit\u00e9 des informations que nous recevons par ce moyen. En utilisant le site et en y saisissant des informations, vous acceptez express\u00e9ment que vous le faites de votre plein gr\u00e9 et assumez le risque correspondant.<\/p>\n<h5><strong>5. Quelle est la dur\u00e9e de r\u00e9tention\/conservation des donn\u00e9es personnelles\u00a0?<\/strong><\/h5>\n<p>Nous conservons les donn\u00e9es des utilisateurs pour toute la dur\u00e9e n\u00e9cessaire aux op\u00e9rations pour lesquelles elles ont \u00e9t\u00e9 collect\u00e9es et conform\u00e9ment \u00e0 la l\u00e9gislation en vigueur.<\/p>\n<h5><strong>6. Droit d\u2019acc\u00e8s, de rectification, d\u2019annulation et d\u2019opposition des donn\u00e9es personnelles.<\/strong><\/h5>\n<p>En vertu du R\u00e8glement G\u00e9n\u00e9ral sur la Protection des Donn\u00e9es, le titulaire des donn\u00e9es a le droit de demander au responsable du traitement l\u2019acc\u00e8s aux donn\u00e9es personnelles le concernant, ainsi que de les rectifier ou de les effacer. Le titulaire des donn\u00e9es a en outre le droit d\u2019exiger, dans certaines circonstances, la limitation au traitement des donn\u00e9es personnelles, tout en ayant le droit de s\u2019opposer au traitement et de demander la portabilit\u00e9 des donn\u00e9es. Le titulaire des donn\u00e9es a en outre le droit de retirer son consentement pour leur traitement, \u00e0 tout moment, sans pour autant compromettre la lic\u00e9it\u00e9 du traitement effectu\u00e9 sur la base du consentement donn\u00e9 auparavant. Vous pourrez exercer vos droits en nous contactant via les diff\u00e9rents moyens disponibles sur le site.<\/p>\n<h5><strong>7. Droit de soumettre une r\u00e9clamation \u00e0 une autorit\u00e9 de contr\u00f4le<\/strong><\/h5>\n<p>En vertu du RGPD, nous vous informons que le titulaire des donn\u00e9es a le droit de soumettre des r\u00e9clamations \u00e0 l\u2019autorit\u00e9 de contr\u00f4le comp\u00e9tente, dans ce cas la Commission Nationale de Protection de donn\u00e9es.<\/p>\n\t\t\t\t\t\t\t\t<\/div>\n\t\t\t\t<\/div>\n\t\t\t\t\t<\/div>\n\t\t\t\t<\/div>\n\t\t\t\t<\/div>\n\t\t","protected":false},"excerpt":{"rendered":"<p>1. Champ d\u2019application de notre Politique de confidentialit\u00e9 La collecte et le traitement de donn\u00e9es personnelles ont \u00e9t\u00e9 mis en place de fa\u00e7on \u00e0 respecter le R\u00e8glement (UE) 2016\/679 du Parlement Europ\u00e9en et du Conseil, du 27 avril 2016, concernant la protection des personnes physiques concernant le traitement de donn\u00e9es personnelles et la libre circulation [&hellip;]<\/p>\n","protected":false},"author":1,"featured_media":0,"parent":0,"menu_order":0,"comment_status":"closed","ping_status":"open","template":"","meta":{"footnotes":""},"class_list":["post-5450","page","type-page","status-publish","hentry"],"_links":{"self":[{"href":"https:\/\/eurospuma.com\/fr\/wp-json\/wp\/v2\/pages\/5450","targetHints":{"allow":["GET"]}}],"collection":[{"href":"https:\/\/eurospuma.com\/fr\/wp-json\/wp\/v2\/pages"}],"about":[{"href":"https:\/\/eurospuma.com\/fr\/wp-json\/wp\/v2\/types\/page"}],"author":[{"embeddable":true,"href":"https:\/\/eurospuma.com\/fr\/wp-json\/wp\/v2\/users\/1"}],"replies":[{"embeddable":true,"href":"https:\/\/eurospuma.com\/fr\/wp-json\/wp\/v2\/comments?post=5450"}],"version-history":[{"count":3,"href":"https:\/\/eurospuma.com\/fr\/wp-json\/wp\/v2\/pages\/5450\/revisions"}],"predecessor-version":[{"id":5453,"href":"https:\/\/eurospuma.com\/fr\/wp-json\/wp\/v2\/pages\/5450\/revisions\/5453"}],"wp:attachment":[{"href":"https:\/\/eurospuma.com\/fr\/wp-json\/wp\/v2\/media?parent=5450"}],"curies":[{"name":"wp","href":"https:\/\/api.w.org\/{rel}","templated":true}]}}