{"id":5448,"date":"2023-07-24T13:54:13","date_gmt":"2023-07-24T13:54:13","guid":{"rendered":"https:\/\/eurospuma.com\/private-label\/"},"modified":"2023-11-14T16:03:47","modified_gmt":"2023-11-14T16:03:47","slug":"private-label","status":"publish","type":"page","link":"https:\/\/eurospuma.com\/fr\/private-label\/","title":{"rendered":"Private label"},"content":{"rendered":"\t\t<div data-elementor-type=\"wp-page\" data-elementor-id=\"5448\" class=\"elementor elementor-5448 elementor-316\" data-elementor-post-type=\"page\">\n\t\t\t\t<div class=\"elementor-element elementor-element-7570843e e-con-full e-flex e-con e-parent\" data-id=\"7570843e\" data-element_type=\"container\" data-e-type=\"container\" data-settings=\"{&quot;background_background&quot;:&quot;classic&quot;,&quot;jet_parallax_layout_list&quot;:[]}\">\n\t\t\t\t<div class=\"elementor-element elementor-element-291da374 e-transform animated-slow elementor-invisible elementor-widget elementor-widget-heading\" data-id=\"291da374\" data-element_type=\"widget\" data-e-type=\"widget\" data-settings=\"{&quot;_transform_rotateZ_effect&quot;:{&quot;unit&quot;:&quot;px&quot;,&quot;size&quot;:-90,&quot;sizes&quot;:[]},&quot;_animation&quot;:&quot;fadeIn&quot;,&quot;_transform_rotateZ_effect_tablet&quot;:{&quot;unit&quot;:&quot;deg&quot;,&quot;size&quot;:&quot;&quot;,&quot;sizes&quot;:[]},&quot;_transform_rotateZ_effect_mobile&quot;:{&quot;unit&quot;:&quot;deg&quot;,&quot;size&quot;:&quot;&quot;,&quot;sizes&quot;:[]}}\" data-widget_type=\"heading.default\">\n\t\t\t\t<div class=\"elementor-widget-container\">\n\t\t\t\t\t<h2 class=\"elementor-heading-title elementor-size-default\">Private label<\/h2>\t\t\t\t<\/div>\n\t\t\t\t<\/div>\n\t\t\t\t<\/div>\n\t\t<div class=\"elementor-element elementor-element-7750c17 e-flex e-con-boxed e-con e-parent\" data-id=\"7750c17\" data-element_type=\"container\" data-e-type=\"container\" data-settings=\"{&quot;jet_parallax_layout_list&quot;:[]}\">\n\t\t\t\t\t<div class=\"e-con-inner\">\n\t\t\t\t<div class=\"elementor-element elementor-element-ca4678c home-title animations-reveals elementor-widget elementor-widget-heading\" data-id=\"ca4678c\" data-element_type=\"widget\" data-e-type=\"widget\" data-widget_type=\"heading.default\">\n\t\t\t\t<div class=\"elementor-widget-container\">\n\t\t\t\t\t<h2 class=\"elementor-heading-title elementor-size-default\">Private label<\/h2>\t\t\t\t<\/div>\n\t\t\t\t<\/div>\n\t\t<div class=\"elementor-element elementor-element-1e3c66f e-con-full e-flex e-con e-child\" data-id=\"1e3c66f\" data-element_type=\"container\" data-e-type=\"container\" data-settings=\"{&quot;jet_parallax_layout_list&quot;:[]}\">\n\t\t\t\t<div class=\"elementor-element elementor-element-4533ce9 elementor-widget elementor-widget-text-editor\" data-id=\"4533ce9\" data-element_type=\"widget\" data-e-type=\"widget\" data-widget_type=\"text-editor.default\">\n\t\t\t\t<div class=\"elementor-widget-container\">\n\t\t\t\t\t\t\t\t\t<p>Parcourez nos\u00a0<strong><a href=\"https:\/\/eurospuma.com\/fr\/mousses\/\">mousses<\/a><\/strong>\u00a0et nos\u00a0<strong><a href=\"https:\/\/eurospuma.com\/fr\/tissus-non-tisses\/\">fibres<\/a><\/strong>\u00a0pour d\u00e9velopper vos produits\u00a0: matelas, surmatelas, oreillers en mousse et en fibre, duvets, supports anatomiques, entre autres. Vos id\u00e9es sont le point de d\u00e9part pour un partenariat r\u00e9ussi.<\/p>\n\t\t\t\t\t\t\t\t<\/div>\n\t\t\t\t<\/div>\n\t\t\t\t<div class=\"elementor-element elementor-element-4299bf4f elementor-widget elementor-widget-heading\" data-id=\"4299bf4f\" data-element_type=\"widget\" data-e-type=\"widget\" data-widget_type=\"heading.default\">\n\t\t\t\t<div class=\"elementor-widget-container\">\n\t\t\t\t\t<h3 class=\"elementor-heading-title elementor-size-default\">Nous cr\u00e9ons des produits de literie avec votre marque\u00a0!<\/h3>\t\t\t\t<\/div>\n\t\t\t\t<\/div>\n\t\t\t\t<\/div>\n\t\t\t\t\t<\/div>\n\t\t\t\t<\/div>\n\t\t<div class=\"elementor-element elementor-element-17f6d82 e-flex e-con-boxed e-con e-parent\" data-id=\"17f6d82\" data-element_type=\"container\" data-e-type=\"container\" data-settings=\"{&quot;jet_parallax_layout_list&quot;:[]}\">\n\t\t\t\t\t<div class=\"e-con-inner\">\n\t\t<div class=\"elementor-element elementor-element-8555e2 text-wrapper e-con-full e-flex e-con e-child\" data-id=\"8555e2\" data-element_type=\"container\" data-e-type=\"container\" data-settings=\"{&quot;jet_parallax_layout_list&quot;:[]}\">\n\t\t\t\t<div class=\"elementor-element elementor-element-639d2565 home-title animations-reveals elementor-widget elementor-widget-heading\" data-id=\"639d2565\" data-element_type=\"widget\" data-e-type=\"widget\" data-widget_type=\"heading.default\">\n\t\t\t\t<div class=\"elementor-widget-container\">\n\t\t\t\t\t<h2 class=\"elementor-heading-title elementor-size-default\">Matelas<\/h2>\t\t\t\t<\/div>\n\t\t\t\t<\/div>\n\t\t\t\t<div class=\"elementor-element elementor-element-62022a58 elementor-widget elementor-widget-html\" data-id=\"62022a58\" data-element_type=\"widget\" data-e-type=\"widget\" data-widget_type=\"html.default\">\n\t\t\t\t<div class=\"elementor-widget-container\">\n\t\t\t\t\t<div class=\"line-separator\"><\/div>\t\t\t\t<\/div>\n\t\t\t\t<\/div>\n\t\t\t\t<div class=\"elementor-element elementor-element-13346c00 elementor-widget elementor-widget-image\" data-id=\"13346c00\" data-element_type=\"widget\" data-e-type=\"widget\" data-settings=\"{&quot;motion_fx_motion_fx_scrolling&quot;:&quot;yes&quot;,&quot;motion_fx_translateY_effect&quot;:&quot;yes&quot;,&quot;motion_fx_translateY_direction&quot;:&quot;negative&quot;,&quot;motion_fx_translateY_speed&quot;:{&quot;unit&quot;:&quot;px&quot;,&quot;size&quot;:1,&quot;sizes&quot;:[]},&quot;motion_fx_translateY_affectedRange&quot;:{&quot;unit&quot;:&quot;%&quot;,&quot;size&quot;:&quot;&quot;,&quot;sizes&quot;:{&quot;start&quot;:0,&quot;end&quot;:50}},&quot;motion_fx_devices&quot;:[&quot;desktop&quot;,&quot;tablet&quot;,&quot;mobile&quot;]}\" data-widget_type=\"image.default\">\n\t\t\t\t<div class=\"elementor-widget-container\">\n\t\t\t\t\t\t\t\t\t\t\t\t\t\t\t<img fetchpriority=\"high\" decoding=\"async\" width=\"768\" height=\"511\" src=\"https:\/\/eurospuma.com\/wp-content\/uploads\/2023\/03\/colchoes-768x511.jpg\" class=\"attachment-medium_large size-medium_large wp-image-4924\" alt=\"\" srcset=\"https:\/\/eurospuma.com\/wp-content\/uploads\/2023\/03\/colchoes-768x511.jpg 768w, https:\/\/eurospuma.com\/wp-content\/uploads\/2023\/03\/colchoes-300x200.jpg 300w, https:\/\/eurospuma.com\/wp-content\/uploads\/2023\/03\/colchoes-1024x682.jpg 1024w, https:\/\/eurospuma.com\/wp-content\/uploads\/2023\/03\/colchoes-1536x1023.jpg 1536w, https:\/\/eurospuma.com\/wp-content\/uploads\/2023\/03\/colchoes.jpg 2000w\" sizes=\"(max-width: 768px) 100vw, 768px\" \/>\t\t\t\t\t\t\t\t\t\t\t\t\t\t\t<\/div>\n\t\t\t\t<\/div>\n\t\t\t\t<\/div>\n\t\t<div class=\"elementor-element elementor-element-21b7afc7 e-con-full e-flex e-con e-child\" data-id=\"21b7afc7\" data-element_type=\"container\" data-e-type=\"container\" data-settings=\"{&quot;jet_parallax_layout_list&quot;:[]}\">\n\t\t\t\t<div class=\"elementor-element elementor-element-16153e02 elementor-widget elementor-widget-text-editor\" data-id=\"16153e02\" data-element_type=\"widget\" data-e-type=\"widget\" data-widget_type=\"text-editor.default\">\n\t\t\t\t<div class=\"elementor-widget-container\">\n\t\t\t\t\t\t\t\t\t<p>Avec une ou quatre couches\u00a0? Pour ceux qui dorment seuls ou pour les couples\u00a0? Association de plusieurs mousses ou pari sur le traditionnel\u00a0? Douceur ou plus de duret\u00e9\u00a0? Les possibilit\u00e9s sont infinies.<\/p>\n<p>En r\u00e9alit\u00e9, il existe un matelas parfait pour chacun d\u2019entre nous et nous sommes \u00e0 votre disposition pour vous aider \u00e0 le cr\u00e9er\u00a0!<\/p>\n\t\t\t\t\t\t\t\t<\/div>\n\t\t\t\t<\/div>\n\t\t\t\t<\/div>\n\t\t\t\t\t<\/div>\n\t\t\t\t<\/div>\n\t\t<div class=\"elementor-element elementor-element-846ebbc e-flex e-con-boxed e-con e-parent\" data-id=\"846ebbc\" data-element_type=\"container\" data-e-type=\"container\" data-settings=\"{&quot;jet_parallax_layout_list&quot;:[]}\">\n\t\t\t\t\t<div class=\"e-con-inner\">\n\t\t\t\t<div class=\"elementor-element elementor-element-1c2a9a85 elementor-widget elementor-widget-image\" data-id=\"1c2a9a85\" data-element_type=\"widget\" data-e-type=\"widget\" data-settings=\"{&quot;motion_fx_motion_fx_scrolling&quot;:&quot;yes&quot;,&quot;motion_fx_translateY_speed&quot;:{&quot;unit&quot;:&quot;px&quot;,&quot;size&quot;:1,&quot;sizes&quot;:[]},&quot;motion_fx_translateY_affectedRange&quot;:{&quot;unit&quot;:&quot;%&quot;,&quot;size&quot;:&quot;&quot;,&quot;sizes&quot;:{&quot;start&quot;:0,&quot;end&quot;:50}},&quot;motion_fx_translateY_effect&quot;:&quot;yes&quot;,&quot;motion_fx_devices&quot;:[&quot;desktop&quot;,&quot;tablet&quot;,&quot;mobile&quot;]}\" data-widget_type=\"image.default\">\n\t\t\t\t<div class=\"elementor-widget-container\">\n\t\t\t\t\t\t\t\t\t\t\t\t\t\t\t<img decoding=\"async\" width=\"1500\" height=\"750\" src=\"https:\/\/eurospuma.com\/wp-content\/uploads\/2023\/03\/toppers-2.jpg\" class=\"attachment-full size-full wp-image-4918\" alt=\"\" srcset=\"https:\/\/eurospuma.com\/wp-content\/uploads\/2023\/03\/toppers-2.jpg 1500w, https:\/\/eurospuma.com\/wp-content\/uploads\/2023\/03\/toppers-2-300x150.jpg 300w, https:\/\/eurospuma.com\/wp-content\/uploads\/2023\/03\/toppers-2-1024x512.jpg 1024w, https:\/\/eurospuma.com\/wp-content\/uploads\/2023\/03\/toppers-2-768x384.jpg 768w\" sizes=\"(max-width: 1500px) 100vw, 1500px\" \/>\t\t\t\t\t\t\t\t\t\t\t\t\t\t\t<\/div>\n\t\t\t\t<\/div>\n\t\t\t\t<div class=\"elementor-element elementor-element-68035c23 elementor-widget elementor-widget-html\" data-id=\"68035c23\" data-element_type=\"widget\" data-e-type=\"widget\" data-widget_type=\"html.default\">\n\t\t\t\t<div class=\"elementor-widget-container\">\n\t\t\t\t\t<div class=\"line-separator\"><\/div>\t\t\t\t<\/div>\n\t\t\t\t<\/div>\n\t\t\t\t<div class=\"elementor-element elementor-element-5ca1d5b6 home-title animations-reveals elementor-widget elementor-widget-heading\" data-id=\"5ca1d5b6\" data-element_type=\"widget\" data-e-type=\"widget\" data-widget_type=\"heading.default\">\n\t\t\t\t<div class=\"elementor-widget-container\">\n\t\t\t\t\t<h2 class=\"elementor-heading-title elementor-size-default\">Surmatelas<\/h2>\t\t\t\t<\/div>\n\t\t\t\t<\/div>\n\t\t\t\t<div class=\"elementor-element elementor-element-110be18b elementor-widget__width-initial elementor-widget elementor-widget-text-editor\" data-id=\"110be18b\" data-element_type=\"widget\" data-e-type=\"widget\" data-widget_type=\"text-editor.default\">\n\t\t\t\t<div class=\"elementor-widget-container\">\n\t\t\t\t\t\t\t\t\t<p>Nous avons parfois besoin d\u2019une solution imm\u00e9diate pour am\u00e9liorer un matelas. Une couche en mousse visco\u00e9lastique ou tr\u00e8s douce suffit pour assurer une bonne nuit de sommeil. <\/p>\n\t\t\t\t\t\t\t\t<\/div>\n\t\t\t\t<\/div>\n\t\t\t\t<div class=\"elementor-element elementor-element-6f1314ca elementor-widget__width-initial elementor-widget elementor-widget-heading\" data-id=\"6f1314ca\" data-element_type=\"widget\" data-e-type=\"widget\" data-widget_type=\"heading.default\">\n\t\t\t\t<div class=\"elementor-widget-container\">\n\t\t\t\t\t<h5 class=\"elementor-heading-title elementor-size-default\">Laissez-vous surprendre par nos technologies\u00a0!<\/h5>\t\t\t\t<\/div>\n\t\t\t\t<\/div>\n\t\t\t\t\t<\/div>\n\t\t\t\t<\/div>\n\t\t<div class=\"elementor-element elementor-element-905d38a e-flex e-con-boxed e-con e-parent\" data-id=\"905d38a\" data-element_type=\"container\" data-e-type=\"container\" data-settings=\"{&quot;jet_parallax_layout_list&quot;:[]}\">\n\t\t\t\t\t<div class=\"e-con-inner\">\n\t\t<div class=\"elementor-element elementor-element-2a062f8d e-con-full e-flex e-con e-child\" data-id=\"2a062f8d\" data-element_type=\"container\" data-e-type=\"container\" data-settings=\"{&quot;jet_parallax_layout_list&quot;:[]}\">\n\t\t\t\t<div class=\"elementor-element elementor-element-565e5d37 elementor-widget elementor-widget-text-editor\" data-id=\"565e5d37\" data-element_type=\"widget\" data-e-type=\"widget\" data-widget_type=\"text-editor.default\">\n\t\t\t\t<div class=\"elementor-widget-container\">\n\t\t\t\t\t\t\t\t\t<p>Le choix de l\u2019oreiller id\u00e9al est quelque chose de tr\u00e8s personnel. Qu\u2019il soit en mousse, en fibres ou une association de ces deux \u00e9l\u00e9ments, ce qui importe est que l\u2019oreiller contienne des mati\u00e8res de qualit\u00e9. Vous pouvez m\u00eame choisir entre des coupes droites, rondes ou cervicales pour mieux accompagner la courbe de votre cou.<\/p>\n\t\t\t\t\t\t\t\t<\/div>\n\t\t\t\t<\/div>\n\t\t\t\t<div class=\"elementor-element elementor-element-49a0b7a elementor-widget__width-initial elementor-widget elementor-widget-heading\" data-id=\"49a0b7a\" data-element_type=\"widget\" data-e-type=\"widget\" data-widget_type=\"heading.default\">\n\t\t\t\t<div class=\"elementor-widget-container\">\n\t\t\t\t\t<h5 class=\"elementor-heading-title elementor-size-default\">Permettez-nous de vous montrer que rien n\u2019est impossible\u00a0!<\/h5>\t\t\t\t<\/div>\n\t\t\t\t<\/div>\n\t\t\t\t<\/div>\n\t\t<div class=\"elementor-element elementor-element-2c36a16 text-wrapper e-con-full e-flex e-con e-child\" data-id=\"2c36a16\" data-element_type=\"container\" data-e-type=\"container\" data-settings=\"{&quot;jet_parallax_layout_list&quot;:[]}\">\n\t\t\t\t<div class=\"elementor-element elementor-element-64150961 home-title animations-reveals elementor-widget elementor-widget-heading\" data-id=\"64150961\" data-element_type=\"widget\" data-e-type=\"widget\" data-widget_type=\"heading.default\">\n\t\t\t\t<div class=\"elementor-widget-container\">\n\t\t\t\t\t<h2 class=\"elementor-heading-title elementor-size-default\">Oreillers<\/h2>\t\t\t\t<\/div>\n\t\t\t\t<\/div>\n\t\t\t\t<div class=\"elementor-element elementor-element-350c3e26 elementor-widget elementor-widget-html\" data-id=\"350c3e26\" data-element_type=\"widget\" data-e-type=\"widget\" data-widget_type=\"html.default\">\n\t\t\t\t<div class=\"elementor-widget-container\">\n\t\t\t\t\t<div class=\"line-separator\"><\/div>\t\t\t\t<\/div>\n\t\t\t\t<\/div>\n\t\t\t\t<div class=\"elementor-element elementor-element-1b5d9e20 elementor-widget elementor-widget-image\" data-id=\"1b5d9e20\" data-element_type=\"widget\" data-e-type=\"widget\" data-settings=\"{&quot;motion_fx_motion_fx_scrolling&quot;:&quot;yes&quot;,&quot;motion_fx_translateY_effect&quot;:&quot;yes&quot;,&quot;motion_fx_translateY_direction&quot;:&quot;negative&quot;,&quot;motion_fx_translateY_speed&quot;:{&quot;unit&quot;:&quot;px&quot;,&quot;size&quot;:1,&quot;sizes&quot;:[]},&quot;motion_fx_translateY_affectedRange&quot;:{&quot;unit&quot;:&quot;%&quot;,&quot;size&quot;:&quot;&quot;,&quot;sizes&quot;:{&quot;start&quot;:0,&quot;end&quot;:50}},&quot;motion_fx_devices&quot;:[&quot;desktop&quot;,&quot;tablet&quot;,&quot;mobile&quot;]}\" data-widget_type=\"image.default\">\n\t\t\t\t<div class=\"elementor-widget-container\">\n\t\t\t\t\t\t\t\t\t\t\t\t\t\t\t<img decoding=\"async\" width=\"800\" height=\"534\" src=\"https:\/\/eurospuma.com\/wp-content\/uploads\/2023\/01\/almofadas.jpg\" class=\"attachment-large size-large wp-image-4897\" alt=\"\" srcset=\"https:\/\/eurospuma.com\/wp-content\/uploads\/2023\/01\/almofadas.jpg 1000w, https:\/\/eurospuma.com\/wp-content\/uploads\/2023\/01\/almofadas-300x200.jpg 300w, https:\/\/eurospuma.com\/wp-content\/uploads\/2023\/01\/almofadas-768x512.jpg 768w\" sizes=\"(max-width: 800px) 100vw, 800px\" \/>\t\t\t\t\t\t\t\t\t\t\t\t\t\t\t<\/div>\n\t\t\t\t<\/div>\n\t\t\t\t<\/div>\n\t\t\t\t\t<\/div>\n\t\t\t\t<\/div>\n\t\t<div class=\"elementor-element elementor-element-0ee54a7 e-flex e-con-boxed e-con e-parent\" data-id=\"0ee54a7\" data-element_type=\"container\" data-e-type=\"container\" data-settings=\"{&quot;jet_parallax_layout_list&quot;:[]}\">\n\t\t\t\t\t<div class=\"e-con-inner\">\n\t\t\t\t<div class=\"elementor-element elementor-element-e1d1fc9 elementor-widget elementor-widget-image\" data-id=\"e1d1fc9\" data-element_type=\"widget\" data-e-type=\"widget\" data-settings=\"{&quot;motion_fx_motion_fx_scrolling&quot;:&quot;yes&quot;,&quot;motion_fx_translateY_speed&quot;:{&quot;unit&quot;:&quot;px&quot;,&quot;size&quot;:1,&quot;sizes&quot;:[]},&quot;motion_fx_translateY_affectedRange&quot;:{&quot;unit&quot;:&quot;%&quot;,&quot;size&quot;:&quot;&quot;,&quot;sizes&quot;:{&quot;start&quot;:0,&quot;end&quot;:50}},&quot;motion_fx_translateY_effect&quot;:&quot;yes&quot;,&quot;motion_fx_devices&quot;:[&quot;desktop&quot;,&quot;tablet&quot;,&quot;mobile&quot;]}\" data-widget_type=\"image.default\">\n\t\t\t\t<div class=\"elementor-widget-container\">\n\t\t\t\t\t\t\t\t\t\t\t\t\t\t\t<img loading=\"lazy\" decoding=\"async\" width=\"1500\" height=\"750\" src=\"https:\/\/eurospuma.com\/wp-content\/uploads\/2023\/03\/edredao-2.jpg\" class=\"attachment-full size-full wp-image-4921\" alt=\"\" srcset=\"https:\/\/eurospuma.com\/wp-content\/uploads\/2023\/03\/edredao-2.jpg 1500w, https:\/\/eurospuma.com\/wp-content\/uploads\/2023\/03\/edredao-2-300x150.jpg 300w, https:\/\/eurospuma.com\/wp-content\/uploads\/2023\/03\/edredao-2-1024x512.jpg 1024w, https:\/\/eurospuma.com\/wp-content\/uploads\/2023\/03\/edredao-2-768x384.jpg 768w\" sizes=\"(max-width: 1500px) 100vw, 1500px\" \/>\t\t\t\t\t\t\t\t\t\t\t\t\t\t\t<\/div>\n\t\t\t\t<\/div>\n\t\t\t\t<div class=\"elementor-element elementor-element-66e1324 elementor-widget elementor-widget-html\" data-id=\"66e1324\" data-element_type=\"widget\" data-e-type=\"widget\" data-widget_type=\"html.default\">\n\t\t\t\t<div class=\"elementor-widget-container\">\n\t\t\t\t\t<div class=\"line-separator\"><\/div>\t\t\t\t<\/div>\n\t\t\t\t<\/div>\n\t\t\t\t<div class=\"elementor-element elementor-element-db122aa home-title animations-reveals elementor-widget elementor-widget-heading\" data-id=\"db122aa\" data-element_type=\"widget\" data-e-type=\"widget\" data-widget_type=\"heading.default\">\n\t\t\t\t<div class=\"elementor-widget-container\">\n\t\t\t\t\t<h2 class=\"elementor-heading-title elementor-size-default\">Duvets<\/h2>\t\t\t\t<\/div>\n\t\t\t\t<\/div>\n\t\t\t\t<div class=\"elementor-element elementor-element-bfe5571 elementor-widget__width-initial elementor-widget elementor-widget-text-editor\" data-id=\"bfe5571\" data-element_type=\"widget\" data-e-type=\"widget\" data-widget_type=\"text-editor.default\">\n\t\t\t\t<div class=\"elementor-widget-container\">\n\t\t\t\t\t\t\t\t\tSi vous consid\u00e9rez que le duvet est le meilleur alli\u00e9 des nuits fra\u00eeches uniquement, sachez qu\u2019il existe des options pour les temp\u00e9ratures plus \u00e9lev\u00e9es\u00a0; il suffit de choisir des fibres ayant une plus grande capacit\u00e9 d\u2019isolation. Vous pouvez m\u00eame construire un duvet adapt\u00e9 \u00e0 toutes les saisons en associant plusieurs couches de diff\u00e9rents grammages. Vous pouvez \u00e9galement opter pour un toucher plus luxueux ou des caract\u00e9ristiques antibact\u00e9riennes.\r\n\t\t\t\t\t\t\t\t<\/div>\n\t\t\t\t<\/div>\n\t\t\t\t<div class=\"elementor-element elementor-element-f817a73 elementor-widget__width-initial elementor-widget elementor-widget-heading\" data-id=\"f817a73\" data-element_type=\"widget\" data-e-type=\"widget\" data-widget_type=\"heading.default\">\n\t\t\t\t<div class=\"elementor-widget-container\">\n\t\t\t\t\t<h5 class=\"elementor-heading-title elementor-size-default\">Quel que soit votre point de vue, nous pouvons le mettre en pratique.<\/h5>\t\t\t\t<\/div>\n\t\t\t\t<\/div>\n\t\t\t\t\t<\/div>\n\t\t\t\t<\/div>\n\t\t<div class=\"elementor-element elementor-element-c49ea19 e-flex e-con-boxed e-con e-parent\" data-id=\"c49ea19\" data-element_type=\"container\" data-e-type=\"container\" data-settings=\"{&quot;jet_parallax_layout_list&quot;:[]}\">\n\t\t\t\t\t<div class=\"e-con-inner\">\n\t\t<div class=\"elementor-element elementor-element-1155c03 e-con-full e-flex e-con e-child\" data-id=\"1155c03\" data-element_type=\"container\" data-e-type=\"container\" data-settings=\"{&quot;jet_parallax_layout_list&quot;:[]}\">\n\t\t\t\t<div class=\"elementor-element elementor-element-db91d02 home-title-2 elementor-widget elementor-widget-heading\" data-id=\"db91d02\" data-element_type=\"widget\" data-e-type=\"widget\" data-widget_type=\"heading.default\">\n\t\t\t\t<div class=\"elementor-widget-container\">\n\t\t\t\t\t<h2 class=\"elementor-heading-title elementor-size-default\">Connaissez-vous le concept bed-in-a-box\u00a0?<\/h2>\t\t\t\t<\/div>\n\t\t\t\t<\/div>\n\t\t\t\t<div class=\"elementor-element elementor-element-e2bb17c elementor-widget elementor-widget-text-editor\" data-id=\"e2bb17c\" data-element_type=\"widget\" data-e-type=\"widget\" data-widget_type=\"text-editor.default\">\n\t\t\t\t<div class=\"elementor-widget-container\">\n\t\t\t\t\t\t\t\t\t<p>Si vous \u00eates de ceux pour qui le transport d\u2019un matelas rel\u00e8ve d\u2019une t\u00e2che digne d\u2019un film, sachez que tout a chang\u00e9. Nous pressons, nous enroulons et nous emballons vos matelas afin de rentabiliser l\u2019espace et faciliter sa manipulation sans d\u00e9former la mousse.<\/p>\n<p>Oui, croyez-le, sans d\u00e9former la mousse\u00a0!<\/p>\n\t\t\t\t\t\t\t\t<\/div>\n\t\t\t\t<\/div>\n\t\t\t\t<div class=\"elementor-element elementor-element-a4e360a elementor-widget elementor-widget-image\" data-id=\"a4e360a\" data-element_type=\"widget\" data-e-type=\"widget\" data-widget_type=\"image.default\">\n\t\t\t\t<div class=\"elementor-widget-container\">\n\t\t\t\t\t\t\t\t\t\t\t\t\t\t\t<img loading=\"lazy\" decoding=\"async\" width=\"100\" height=\"100\" src=\"https:\/\/eurospuma.com\/wp-content\/uploads\/2022\/11\/bed-in-a-box.svg\" class=\"attachment-large size-large wp-image-4873\" alt=\"\" \/>\t\t\t\t\t\t\t\t\t\t\t\t\t\t\t<\/div>\n\t\t\t\t<\/div>\n\t\t\t\t<\/div>\n\t\t<div class=\"elementor-element elementor-element-4eaea66 e-flex e-con-boxed e-con e-child\" data-id=\"4eaea66\" data-element_type=\"container\" data-e-type=\"container\" data-settings=\"{&quot;jet_parallax_layout_list&quot;:[]}\">\n\t\t\t\t\t<div class=\"e-con-inner\">\n\t\t\t\t<div class=\"elementor-element elementor-element-df6cad0 elementor-widget elementor-widget-heading\" data-id=\"df6cad0\" data-element_type=\"widget\" data-e-type=\"widget\" data-widget_type=\"heading.default\">\n\t\t\t\t<div class=\"elementor-widget-container\">\n\t\t\t\t\t<h3 class=\"elementor-heading-title elementor-size-default\">Vous ne savez pas par o\u00f9 commencer\u00a0?<\/h3>\t\t\t\t<\/div>\n\t\t\t\t<\/div>\n\t\t\t\t<div class=\"elementor-element elementor-element-680ef2c elementor-widget elementor-widget-text-editor\" data-id=\"680ef2c\" data-element_type=\"widget\" data-e-type=\"widget\" data-widget_type=\"text-editor.default\">\n\t\t\t\t<div class=\"elementor-widget-container\">\n\t\t\t\t\t\t\t\t\t<p>Contactez Eurospuma et inspirez-vous de nos solutions pour cr\u00e9er des produits \u00e0 votre mesure.<\/p>\n\t\t\t\t\t\t\t\t<\/div>\n\t\t\t\t<\/div>\n\t\t\t\t<div class=\"elementor-element elementor-element-013da44 elementor-widget elementor-widget-button\" data-id=\"013da44\" data-element_type=\"widget\" data-e-type=\"widget\" data-widget_type=\"button.default\">\n\t\t\t\t<div class=\"elementor-widget-container\">\n\t\t\t\t\t\t\t\t\t<div class=\"elementor-button-wrapper\">\n\t\t\t\t\t<a class=\"elementor-button elementor-button-link elementor-size-sm\" href=\"#elementor-action%3Aaction%3Dpopup%3Aopen%26settings%3DeyJpZCI6NTExNCwidG9nZ2xlIjpmYWxzZX0%3D\">\n\t\t\t\t\t\t<span class=\"elementor-button-content-wrapper\">\n\t\t\t\t\t\t\t\t\t<span class=\"elementor-button-text\">Parle-nous<\/span>\n\t\t\t\t\t<\/span>\n\t\t\t\t\t<\/a>\n\t\t\t\t<\/div>\n\t\t\t\t\t\t\t\t<\/div>\n\t\t\t\t<\/div>\n\t\t\t\t\t<\/div>\n\t\t\t\t<\/div>\n\t\t\t\t\t<\/div>\n\t\t\t\t<\/div>\n\t\t\t\t<\/div>\n\t\t","protected":false},"excerpt":{"rendered":"<p>Private label Private label Parcourez nos\u00a0mousses\u00a0et nos\u00a0fibres\u00a0pour d\u00e9velopper vos produits\u00a0: matelas, surmatelas, oreillers en mousse et en fibre, duvets, supports anatomiques, entre autres. Vos id\u00e9es sont le point de d\u00e9part pour un partenariat r\u00e9ussi. Nous cr\u00e9ons des produits de literie avec votre marque\u00a0! Matelas Avec une ou quatre couches\u00a0? Pour ceux qui dorment seuls ou [&hellip;]<\/p>\n","protected":false},"author":1,"featured_media":0,"parent":0,"menu_order":0,"comment_status":"closed","ping_status":"closed","template":"","meta":{"footnotes":""},"class_list":["post-5448","page","type-page","status-publish","hentry"],"_links":{"self":[{"href":"https:\/\/eurospuma.com\/fr\/wp-json\/wp\/v2\/pages\/5448","targetHints":{"allow":["GET"]}}],"collection":[{"href":"https:\/\/eurospuma.com\/fr\/wp-json\/wp\/v2\/pages"}],"about":[{"href":"https:\/\/eurospuma.com\/fr\/wp-json\/wp\/v2\/types\/page"}],"author":[{"embeddable":true,"href":"https:\/\/eurospuma.com\/fr\/wp-json\/wp\/v2\/users\/1"}],"replies":[{"embeddable":true,"href":"https:\/\/eurospuma.com\/fr\/wp-json\/wp\/v2\/comments?post=5448"}],"version-history":[{"count":4,"href":"https:\/\/eurospuma.com\/fr\/wp-json\/wp\/v2\/pages\/5448\/revisions"}],"predecessor-version":[{"id":5732,"href":"https:\/\/eurospuma.com\/fr\/wp-json\/wp\/v2\/pages\/5448\/revisions\/5732"}],"wp:attachment":[{"href":"https:\/\/eurospuma.com\/fr\/wp-json\/wp\/v2\/media?parent=5448"}],"curies":[{"name":"wp","href":"https:\/\/api.w.org\/{rel}","templated":true}]}}