{"id":5388,"date":"2023-07-24T12:51:51","date_gmt":"2023-07-24T12:51:51","guid":{"rendered":"https:\/\/eurospuma.com\/home\/"},"modified":"2023-07-24T12:51:51","modified_gmt":"2023-07-24T12:51:51","slug":"home","status":"publish","type":"page","link":"https:\/\/eurospuma.com\/fr\/","title":{"rendered":"Home"},"content":{"rendered":"\n<p>Isto \u00e9 um exemplo de p\u00e1gina. \u00c9 diferente de um artigo porque fica no mesmo s\u00edtio e aparece na navega\u00e7\u00e3o do seu site (na maior parte dos temas). O normal \u00e9 come\u00e7ar com uma p\u00e1gina \u00ab\u00a0Sobre mim\u00a0\u00bb\/\u00a0\u00bbSobre n\u00f3s\u00a0\u00bb, que apresenta o site aos visitantes. Pode ser qualquer coisa deste tipo:<\/p>\n\n<blockquote class=\"wp-block-quote is-layout-flow wp-block-quote-is-layout-flow\"><p>Ol\u00e1! Fa\u00e7o entregas durante o dia, mas estudo para ser actor \u00e0 noite. Este \u00e9 o meu site. Vivo em Lisboa, tenho um c\u00e3o chamado Belarmino e gosto de caipirinhas (e de ver a relva a crescer).<\/p><\/blockquote>\n\n<p>&#8230; ou algo como isto:<\/p>\n\n<blockquote class=\"wp-block-quote is-layout-flow wp-block-quote-is-layout-flow\"><p>A Gambozinos XPTO foi fundada em 1971 e tem, desde ent\u00e3o, fornecido gambuzinos da mais alta qualidade aos seus clientes. Localizada em Gotham, a Gambozinos XPTO emprega mais de 2 000 colaboradores, e \u00e9 um dos pilares da comunidade.<\/p><\/blockquote>\n\n<p>Como novo utilizador do WordPress, deveria ir ao <a href=\"http:\/\/eurospuma.com\/wp-admin\/\">seu painel<\/a> para eliminar esta p\u00e1gina e criar novas p\u00e1ginas do seu pr\u00f3prio conte\u00fado. Divirta-se!<\/p>\n","protected":false},"excerpt":{"rendered":"<p>Isto \u00e9 um exemplo de p\u00e1gina. \u00c9 diferente de um artigo porque fica no mesmo s\u00edtio e aparece na navega\u00e7\u00e3o do seu site (na maior parte dos temas). O normal \u00e9 come\u00e7ar com uma p\u00e1gina \u00ab\u00a0Sobre mim\u00a0\u00bb\/\u00a0\u00bbSobre n\u00f3s\u00a0\u00bb, que apresenta o site aos visitantes. Pode ser qualquer coisa deste tipo: Ol\u00e1! Fa\u00e7o entregas durante o [&hellip;]<\/p>\n","protected":false},"author":1,"featured_media":0,"parent":0,"menu_order":0,"comment_status":"closed","ping_status":"closed","template":"","meta":{"footnotes":""},"class_list":["post-5388","page","type-page","status-publish","hentry"],"_links":{"self":[{"href":"https:\/\/eurospuma.com\/fr\/wp-json\/wp\/v2\/pages\/5388","targetHints":{"allow":["GET"]}}],"collection":[{"href":"https:\/\/eurospuma.com\/fr\/wp-json\/wp\/v2\/pages"}],"about":[{"href":"https:\/\/eurospuma.com\/fr\/wp-json\/wp\/v2\/types\/page"}],"author":[{"embeddable":true,"href":"https:\/\/eurospuma.com\/fr\/wp-json\/wp\/v2\/users\/1"}],"replies":[{"embeddable":true,"href":"https:\/\/eurospuma.com\/fr\/wp-json\/wp\/v2\/comments?post=5388"}],"version-history":[{"count":1,"href":"https:\/\/eurospuma.com\/fr\/wp-json\/wp\/v2\/pages\/5388\/revisions"}],"predecessor-version":[{"id":5389,"href":"https:\/\/eurospuma.com\/fr\/wp-json\/wp\/v2\/pages\/5388\/revisions\/5389"}],"wp:attachment":[{"href":"https:\/\/eurospuma.com\/fr\/wp-json\/wp\/v2\/media?parent=5388"}],"curies":[{"name":"wp","href":"https:\/\/api.w.org\/{rel}","templated":true}]}}