{"id":6265,"date":"2025-02-10T10:13:07","date_gmt":"2025-02-10T10:13:07","guid":{"rendered":"https:\/\/eurospuma.com\/?page_id=6265"},"modified":"2025-02-10T14:00:43","modified_gmt":"2025-02-10T14:00:43","slug":"canal-de-denuncias","status":"publish","type":"page","link":"https:\/\/eurospuma.com\/es\/canal-de-denuncias\/","title":{"rendered":"Canal de den\u00fancias"},"content":{"rendered":"\t\t<div data-elementor-type=\"wp-page\" data-elementor-id=\"6265\" class=\"elementor elementor-6265\" data-elementor-post-type=\"page\">\n\t\t\t\t<div class=\"elementor-element elementor-element-348e154 e-flex e-con-boxed e-con e-parent\" data-id=\"348e154\" data-element_type=\"container\" data-e-type=\"container\" data-settings=\"{&quot;jet_parallax_layout_list&quot;:[]}\">\n\t\t\t\t\t<div class=\"e-con-inner\">\n\t\t\t\t<div class=\"elementor-element elementor-element-e1412ae home-title-2 elementor-widget elementor-widget-heading\" data-id=\"e1412ae\" data-element_type=\"widget\" data-e-type=\"widget\" data-widget_type=\"heading.default\">\n\t\t\t\t<div class=\"elementor-widget-container\">\n\t\t\t\t\t<h2 class=\"elementor-heading-title elementor-size-default\">Canal de den\u00fancias<\/h2>\t\t\t\t<\/div>\n\t\t\t\t<\/div>\n\t\t\t\t<div class=\"elementor-element elementor-element-2ff1a93 denuncias-form elementor-widget elementor-widget-jet-engine-booking-form\" data-id=\"2ff1a93\" data-element_type=\"widget\" data-e-type=\"widget\" data-widget_type=\"jet-engine-booking-form.default\">\n\t\t\t\t<div class=\"elementor-widget-container\">\n\t\t\t\t\t<form  class=\"jet-form layout-column submit-type-ajax\" action=\"\/es\/wp-json\/wp\/v2\/pages\/6265?jet_engine_action=book&#038;nocache=1776864820\" method=\"POST\" data-form-id=\"6271\"><input class=\"jet-form__field hidden-field\" type=\"hidden\" name=\"_jet_engine_booking_form_id\" value=\"6271\" data-field-name=\"_jet_engine_booking_form_id\"><input class=\"jet-form__field hidden-field\" type=\"hidden\" name=\"_jet_engine_refer\" value=\"https:\/\/eurospuma.com\/es\/wp-json\/wp\/v2\/pages\/6265\/\" data-field-name=\"_jet_engine_refer\"><div  class=\"jet-form-row jet-form-row--hidden\"><div class=\"jet-form-col jet-form-col-12  field-type-hidden  jet-form-field-container\" data-field=\"post_id\" data-conditional=\"false\"><input class=\"jet-form__field hidden-field\" type=\"hidden\" name=\"post_id\" value=\"6265\" data-field-name=\"post_id\"><\/div><\/div><div  class=\"jet-form-row jet-form-row--first-visible\"><div class=\"jet-form-col jet-form-col-12  field-type-select  jet-form-field-container\" data-field=\"relacao_organizacao\" data-conditional=\"false\"><div class=\"jet-form__label\">\n\t<span class=\"jet-form__label-text\" >Qual \u00e9 a sua rela\u00e7\u00e3o com a Organiza\u00e7\u00e3o?<span class=\"jet-form__required\">*<\/span><\/span>\n\t<\/div><select  required=\"required\" name=\"relacao_organizacao\" data-field-name=\"relacao_organizacao\" id=\"relacao_organizacao\" data-default-val=\"\" class=\"jet-form__field select-field\"><option value=\"\" selected>Escolha uma op\u00e7\u00e3o<\/option><option value=\"Interna\" >Interna<\/option><option value=\"Externa\" >Externa<\/option><\/select><\/div><\/div><div  class=\"jet-form-row\"><div class=\"jet-form-col jet-form-col-12  field-type-select  jet-form-field-container\" data-field=\"denuncia_anonima\" data-conditional=\"false\"><div class=\"jet-form__label\">\n\t<span class=\"jet-form__label-text\" >Pretende que a sua den\u00fancia seja an\u00f3nima?<span class=\"jet-form__required\">*<\/span><\/span>\n\t<\/div><select  required=\"required\" name=\"denuncia_anonima\" data-field-name=\"denuncia_anonima\" id=\"denuncia_anonima\" data-default-val=\"\" class=\"jet-form__field select-field\"><option value=\"\" selected>Escolha uma op\u00e7\u00e3o<\/option><option value=\"Sim\" >Sim<\/option><option value=\"N\u00e3o\" >N\u00e3o<\/option><\/select><\/div><\/div><div  class=\"jet-form-row\"><div class=\"jet-form-col jet-form-col-12  field-type-text  jet-form-field-container\" data-field=\"nome\" data-conditional=\"[{&quot;type&quot;:&quot;show&quot;,&quot;field&quot;:&quot;denuncia_anonima&quot;,&quot;operator&quot;:&quot;equal&quot;,&quot;value&quot;:&quot;N\\u00e3o&quot;,&quot;set_value&quot;:&quot;&quot;}]\"><div class=\"jet-form__label\">\n\t<span class=\"jet-form__label-text\" >Nome<\/span>\n\t<\/div><input class=\"jet-form__field text-field \" value=\"\" name=\"nome\" id=\"nome\" type=\"text\" data-field-name=\"nome\"><\/div><\/div><div  class=\"jet-form-row\"><div class=\"jet-form-col jet-form-col-12  field-type-text  jet-form-field-container\" data-field=\"numero_cc\" data-conditional=\"[{&quot;type&quot;:&quot;show&quot;,&quot;field&quot;:&quot;denuncia_anonima&quot;,&quot;operator&quot;:&quot;equal&quot;,&quot;value&quot;:&quot;N\\u00e3o&quot;,&quot;set_value&quot;:&quot;&quot;}]\"><div class=\"jet-form__label\">\n\t<span class=\"jet-form__label-text\" >N\u00famero de documento de identifica\u00e7\u00e3o<\/span>\n\t<\/div><input class=\"jet-form__field text-field \" value=\"\" name=\"numero_cc\" id=\"numero_cc\" type=\"text\" data-field-name=\"numero_cc\"><\/div><\/div><div  class=\"jet-form-row\"><div class=\"jet-form-col jet-form-col-12  field-type-text  jet-form-field-container\" data-field=\"contacto_tel\" data-conditional=\"[{&quot;type&quot;:&quot;show&quot;,&quot;field&quot;:&quot;denuncia_anonima&quot;,&quot;operator&quot;:&quot;equal&quot;,&quot;value&quot;:&quot;N\\u00e3o&quot;,&quot;set_value&quot;:&quot;&quot;}]\"><div class=\"jet-form__label\">\n\t<span class=\"jet-form__label-text\" >Contacto telef\u00f3nico<\/span>\n\t<\/div><input class=\"jet-form__field text-field \" value=\"\" name=\"contacto_tel\" id=\"contacto_tel\" type=\"tel\" data-field-name=\"contacto_tel\"><\/div><\/div><div  class=\"jet-form-row\"><div class=\"jet-form-col jet-form-col-12  field-type-text  jet-form-field-container\" data-field=\"contacto_email\" data-conditional=\"[{&quot;type&quot;:&quot;show&quot;,&quot;field&quot;:&quot;denuncia_anonima&quot;,&quot;operator&quot;:&quot;equal&quot;,&quot;value&quot;:&quot;N\\u00e3o&quot;,&quot;set_value&quot;:&quot;&quot;}]\"><div class=\"jet-form__label\">\n\t<span class=\"jet-form__label-text\" >E-mail<\/span>\n\t<\/div><input class=\"jet-form__field text-field \" value=\"\" name=\"contacto_email\" id=\"contacto_email\" type=\"email\" data-field-name=\"contacto_email\"><\/div><\/div><div  class=\"jet-form-row\"><div class=\"jet-form-col jet-form-col-12  field-type-select  jet-form-field-container\" data-field=\"seguimento\" data-conditional=\"false\"><div class=\"jet-form__label\">\n\t<span class=\"jet-form__label-text\" >Pretende ser informado sobre o seguimento do processo, nos termos legais, salvaguardando informa\u00e7\u00e3o confidencial ou de natureza secreta?<span class=\"jet-form__required\">*<\/span><\/span>\n\t<\/div><select  required=\"required\" name=\"seguimento\" data-field-name=\"seguimento\" id=\"seguimento\" data-default-val=\"\" class=\"jet-form__field select-field\"><option value=\"\" selected>Escolha uma op\u00e7\u00e3o<\/option><option value=\"Sim\" >Sim<\/option><option value=\"N\u00e3o\" >N\u00e3o<\/option><\/select><\/div><\/div><div  class=\"jet-form-row\"><div class=\"jet-form-col jet-form-col-12  field-type-text  jet-form-field-container\" data-field=\"contacto_preferencial\" data-conditional=\"[{&quot;type&quot;:&quot;show&quot;,&quot;field&quot;:&quot;seguimento&quot;,&quot;operator&quot;:&quot;equal&quot;,&quot;value&quot;:&quot;Sim&quot;,&quot;set_value&quot;:&quot;&quot;}]\"><div class=\"jet-form__label\">\n\t<span class=\"jet-form__label-text\" >Indique o seu contacto preferencial<span class=\"jet-form__required\">*<\/span><\/span>\n\t<\/div><input class=\"jet-form__field text-field \" value=\"\" required=\"required\" name=\"contacto_preferencial\" id=\"contacto_preferencial\" type=\"text\" data-field-name=\"contacto_preferencial\"><\/div><\/div><div  class=\"jet-form-row\"><div class=\"jet-form-col jet-form-col-12  field-type-select  jet-form-field-container\" data-field=\"alvo_denuncia\" data-conditional=\"false\"><div class=\"jet-form__label\">\n\t<span class=\"jet-form__label-text\" >Indique o dom\u00ednio alvo da sua den\u00fancia<span class=\"jet-form__required\">*<\/span><\/span>\n\t<\/div><select  required=\"required\" name=\"alvo_denuncia\" data-field-name=\"alvo_denuncia\" id=\"alvo_denuncia\" data-default-val=\"\" class=\"jet-form__field select-field\"><option value=\"\" selected>Escolha uma op\u00e7\u00e3o<\/option><option value=\"Corrup\u00e7\u00e3o\" >Corrup\u00e7\u00e3o<\/option><option value=\"Infra\u00e7\u00f5es conexas\" >Infra\u00e7\u00f5es conexas<\/option><option value=\"Conflito de interesses\" >Conflito de interesses<\/option><option value=\"Fraude\" >Fraude<\/option><option value=\"Ass\u00e9dio\" >Ass\u00e9dio<\/option><option value=\"Discrimina\u00e7\u00e3o\" >Discrimina\u00e7\u00e3o<\/option><option value=\"Intimida\u00e7\u00e3o\" >Intimida\u00e7\u00e3o<\/option><option value=\"Coa\u00e7\u00e3o\" >Coa\u00e7\u00e3o<\/option><option value=\"Prote\u00e7\u00e3o de privacidade e dos dados pessoais e seguran\u00e7a da rede e dos sistemas de informa\u00e7\u00e3o\" >Prote\u00e7\u00e3o de privacidade e dos dados pessoais e seguran\u00e7a da rede e dos sistemas de informa\u00e7\u00e3o<\/option><option value=\"Outro\" >Outro<\/option><\/select><\/div><\/div><div  class=\"jet-form-row\"><div class=\"jet-form-col jet-form-col-12  field-type-textarea  jet-form-field-container\" data-field=\"descricao\" data-conditional=\"false\"><div class=\"jet-form__label\">\n\t<span class=\"jet-form__label-text\" >Descri\u00e7\u00e3o sucinta da den\u00fancia<span class=\"jet-form__required\">*<\/span><\/span>\n\t<\/div><textarea class=\"jet-form__field textarea-field\" required=\"required\" name=\"descricao\" data-field-name=\"descricao\" id=\"descricao\"><\/textarea><\/div><\/div><div  class=\"jet-form-row\"><div class=\"jet-form-col jet-form-col-12  field-type-repeater_start  jet-form-field-container\" data-field=\"documentos\" data-conditional=\"false\"><div class=\"jet-form__label\">\n\t<span class=\"jet-form__label-text\" >Submeta os documentos de prova que considere que sustentam a sua den\u00fancia apresentada<\/span>\n\t<\/div><div class=\"jet-form-repeater\" data-repeater=\"1\" data-field-name=\"documentos\" name=\"documentos\" data-settings=\"{&quot;manageItems&quot;:&quot;manually&quot;,&quot;itemsField&quot;:false,&quot;calcType&quot;:&quot;default&quot;}\"><template class=\"jet-form-repeater__initial\"><div class=\"jet-form-repeater__row\" data-repeater-row=\"1\" data-index=\"0\"><div class=\"jet-form-repeater__row-fields\"><div  class=\"jet-form-row\"><div class=\"jet-form-col jet-form-col-12  field-type-media  jet-form-field-container\" data-field=\"documentos_files\" data-conditional=\"false\"><div class=\"jet-form__label\">\n\t<span class=\"jet-form__label-text\" >Adicionar documentos<\/span>\n\t<\/div><div class=\"jet-engine-file-upload\">\n\t<div class=\"jet-engine-file-upload__content\">\n\t\t<div class=\"jet-engine-file-upload__loader\"><svg xmlns=\"http:\/\/www.w3.org\/2000\/svg\" width=\"38\" height=\"38\" viewBox=\"0 0 38 38\" stroke=\"#fff\"><g fill=\"none\" fill-rule=\"evenodd\"><g transform=\"translate(1 1)\" stroke-width=\"2\"><circle stroke-opacity=\".5\" cx=\"18\" cy=\"18\" r=\"18\"\/><path d=\"M36 18c0-9.94-8.06-18-18-18\" transform=\"rotate(137.826 18 18)\"><animateTransform attributeName=\"transform\" type=\"rotate\" from=\"0 18 18\" to=\"360 18 18\" dur=\"1s\" repeatCount=\"indefinite\"\/><\/path><\/g><\/g><\/svg><\/div>\t\t<div class=\"jet-engine-file-upload__files\"  data-args=\"{&quot;max_files&quot;:&quot;4&quot;,&quot;insert_attachment&quot;:false,&quot;value_format&quot;:&quot;url&quot;}\"><\/div>\n\t<\/div>\n\t<div class=\"jet-engine-file-upload__fields\">\n\t\t<input class=\"jet-form__field jet-engine-file-upload__value\" type=\"hidden\" name=\"documentos[__i__][documentos_files]\" data-field-name=\"documentos_files\" value=\"\" >\n\t\t<input class=\"jet-form__field file-field jet-engine-file-upload__input\" name=\"documentos[__i__][documentos_files_input]\" type=\"file\" data-form_id=\"6271\" data-field=\"documentos_files\" id=\"documentos___i___documentos_files\" data-max_files=\"4\" multiple=\"1\" accept=\"image\/jpeg,image\/png,application\/pdf,application\/msword\" data-max_size=\"5242880\">\n\t<\/div>\n\t<div class=\"jet-engine-file-upload__message\"><small>Maximum file size: 5 MB<\/small><\/div>\n\t<div class=\"jet-engine-file-upload__errors is-hidden\"><\/div>\n<\/div><\/div><\/div><\/div><div class=\"jet-form-repeater__row-remove\"><button type=\"button\" class=\"jet-form-repeater__remove\">&times;<\/button><\/div><\/div><\/template><div class=\"jet-form-repeater__items\"><\/div><div class=\"jet-form-repeater__actions\"><button type=\"button\" class=\"jet-form-repeater__new\">Add new<\/button><\/div><\/div><\/div><\/div><div  class=\"jet-form-row\"><div class=\"jet-form-col jet-form-col-12  field-type-checkboxes  jet-form-field-container\" data-field=\"autorizacao\" data-conditional=\"false\"><div class=\"jet-form__fields-group checkradio-wrap\">\t\t<div class=\"jet-form__field-wrap checkboxes-wrap checkradio-wrap\">\n\t\t\t\t\t\t<label class=\"jet-form__field-label\">\n\t\t\t\t<input\n\t\t\t\t\ttype=\"checkbox\"\n\t\t\t\t\tname=\"autorizacao\"\n\t\t\t\t\tclass=\"jet-form__field checkboxes-field checkradio-field checkboxes-required\"\n\t\t\t\t\tvalue=\"Autorizacao_concedida\"\n\t\t\t\t\tdata-field-name=\"autorizacao\"\n\t\t\t\t\t\t\t\t\t\trequired=\"required\"\t\t\t\t\t\t\t\t\t>\n\t\t\t\tAutorizo a recolha e tratamento dos meus dados pessoais, exclusivamente para os efeitos previstos no Decreto-lei n\u00ba 109-E\/2021, de 9 de dezembro, que estabelece o regime geral de preven\u00e7\u00e3o da corrup\u00e7\u00e3o, conjugado com o previsto na Lei n\u00ba 93\/2021, de 20 de dezembro, relativa \u00e0 prote\u00e7\u00e3o das pessoas que denunciam viola\u00e7\u00f5es do direito da Uni\u00e3o Europeia, bem como autorizo o reencaminhamento da minha den\u00fancia \u00e0s entidades p\u00fablicas competentes, para sua an\u00e1lise, caso a mat\u00e9ria n\u00e3o seja em primeira linha da compet\u00eancia da Eurospuma. \t\t\t<\/label>\n\t\t<\/div>\n\t\t<\/div><\/div><\/div><div  class=\"jet-form-row jet-form-row--submit\"><div class=\"jet-form-col jet-form-col-12  field-type-submit  jet-form-field-container\" data-field=\"Submit\" data-conditional=\"false\"><div class=\"jet-form__submit-wrap\">\n\t\t<button class=\"jet-form__submit submit-type-ajax\" type=\"button\">Enviar<\/button>\n<\/div><\/div><\/div><input class=\"jet-form__field hidden-field\" type=\"hidden\" name=\"_jet_engine_nonce\" value=\"dc7ebdcca6\" data-field-name=\"_jet_engine_nonce\"><\/form><div class=\"jet-form-messages-wrap\" data-form-id=\"6271\"><\/div>\t\t\t\t<\/div>\n\t\t\t\t<\/div>\n\t\t\t\t\t<\/div>\n\t\t\t\t<\/div>\n\t\t\t\t<\/div>\n\t\t","protected":false},"excerpt":{"rendered":"<p>Qual \u00e9 a sua rela\u00e7\u00e3o com a Organiza\u00e7\u00e3o?* Escolha uma op\u00e7\u00e3oInternaExterna Pretende que a sua den\u00fancia seja an\u00f3nima?* Escolha uma op\u00e7\u00e3oSimN\u00e3o Nome N\u00famero de documento de identifica\u00e7\u00e3o Contacto telef\u00f3nico E-mail Pretende ser informado sobre o seguimento do processo, nos termos legais, salvaguardando informa\u00e7\u00e3o confidencial ou de natureza secreta?* Escolha uma op\u00e7\u00e3oSimN\u00e3o Indique o seu contacto [&hellip;]<\/p>\n","protected":false},"author":1,"featured_media":0,"parent":0,"menu_order":0,"comment_status":"closed","ping_status":"closed","template":"","meta":{"footnotes":""},"class_list":["post-6265","page","type-page","status-publish","hentry"],"_links":{"self":[{"href":"https:\/\/eurospuma.com\/es\/wp-json\/wp\/v2\/pages\/6265","targetHints":{"allow":["GET"]}}],"collection":[{"href":"https:\/\/eurospuma.com\/es\/wp-json\/wp\/v2\/pages"}],"about":[{"href":"https:\/\/eurospuma.com\/es\/wp-json\/wp\/v2\/types\/page"}],"author":[{"embeddable":true,"href":"https:\/\/eurospuma.com\/es\/wp-json\/wp\/v2\/users\/1"}],"replies":[{"embeddable":true,"href":"https:\/\/eurospuma.com\/es\/wp-json\/wp\/v2\/comments?post=6265"}],"version-history":[{"count":43,"href":"https:\/\/eurospuma.com\/es\/wp-json\/wp\/v2\/pages\/6265\/revisions"}],"predecessor-version":[{"id":6312,"href":"https:\/\/eurospuma.com\/es\/wp-json\/wp\/v2\/pages\/6265\/revisions\/6312"}],"wp:attachment":[{"href":"https:\/\/eurospuma.com\/es\/wp-json\/wp\/v2\/media?parent=6265"}],"curies":[{"name":"wp","href":"https:\/\/api.w.org\/{rel}","templated":true}]}}