{"id":5243,"date":"2023-06-14T10:40:31","date_gmt":"2023-06-14T10:40:31","guid":{"rendered":"https:\/\/eurospuma.com\/politica-del-sistema-de-gestion\/"},"modified":"2023-06-14T10:41:25","modified_gmt":"2023-06-14T10:41:25","slug":"politica-del-sistema-de-gestion","status":"publish","type":"page","link":"https:\/\/eurospuma.com\/es\/politica-del-sistema-de-gestion\/","title":{"rendered":"Pol\u00edtica DEL Sistema de Gesti\u00f3n"},"content":{"rendered":"\t\t<div data-elementor-type=\"wp-page\" data-elementor-id=\"5243\" class=\"elementor elementor-5243 elementor-1678\" data-elementor-post-type=\"page\">\n\t\t\t\t<div class=\"elementor-element elementor-element-219f75c9 e-flex e-con-boxed e-con e-parent\" data-id=\"219f75c9\" data-element_type=\"container\" data-e-type=\"container\" data-settings=\"{&quot;jet_parallax_layout_list&quot;:[]}\">\n\t\t\t\t\t<div class=\"e-con-inner\">\n\t\t\t\t<div class=\"elementor-element elementor-element-41c51f27 home-title animations-reveals elementor-widget elementor-widget-heading\" data-id=\"41c51f27\" data-element_type=\"widget\" data-e-type=\"widget\" data-widget_type=\"heading.default\">\n\t\t\t\t<div class=\"elementor-widget-container\">\n\t\t\t\t\t<h2 class=\"elementor-heading-title elementor-size-default\">Pol\u00edtica DEL Sistema de Gesti\u00f3n<\/h2>\t\t\t\t<\/div>\n\t\t\t\t<\/div>\n\t\t\t\t<div class=\"elementor-element elementor-element-6f991bd elementor-widget elementor-widget-text-editor\" data-id=\"6f991bd\" data-element_type=\"widget\" data-e-type=\"widget\" data-widget_type=\"text-editor.default\">\n\t\t\t\t<div class=\"elementor-widget-container\">\n\t\t\t\t\t\t\t\t\t<p>Eurospuma se dedica a fabricar espumas de poliuretano y de telas no tejidas. Consciente de su actividad, es pol\u00edtica de Eurospuma satisfacer las necesidades y expectativas de sus clientes y dem\u00e1s partes interesadas, a trav\u00e9s de un esfuerzo de mejora continua de la eficiencia y eficacia de sus procesos, as\u00ed como preservar el medio ambiente, la salud y la seguridad de todos los que colaboran con la Organizaci\u00f3n en sus instalaciones f\u00edsicas y de las poblaciones vecinas, y asegurar el objetivo de cero accidentes graves en los que est\u00e9n involucradas sustancias peligrosas.<\/p>\n<p>Para apoyar la implantaci\u00f3n de esta <strong>Pol\u00edtica de Gesti\u00f3n<\/strong>, relativa a <strong>Calidad, Medio Ambiente y Prevenci\u00f3n de Accidentes Graves (PAG)<\/strong>, Eurospuma se compromete a:<\/p>\n<ul>\n<li>Crear una estructura organizativa con los medios y estructuras adecuados para la implantaci\u00f3n de un Sistema de Gesti\u00f3n, que haga operativa la <strong>Pol\u00edtica de Gesti\u00f3n.<\/strong><\/li>\n<li><strong>Evaluar<\/strong> sistem\u00e1ticamente el <strong>Sistema de Gesti\u00f3n<\/strong>, sus procesos y actividades dentro de la organizaci\u00f3n, y definir peri\u00f3dicamente nuevos objetivos para mejorar su rendimiento.<\/li>\n<li>Garantizar la <strong>cualificaci\u00f3n de sus recursos humanos<\/strong> mediante la formaci\u00f3n y la informaci\u00f3n para que puedan desempe\u00f1ar adecuadamente sus tareas y contribuir a la mejora de la calidad y del medio ambiente, as\u00ed como responder de modo eficaz en situaciones de emergencia.<\/li>\n<li><strong>Evaluar continuamente los riesgos para la calidad<\/strong>, la seguridad y el medio ambiente, con especial relevancia de aquellos que puedan ser el origen de posibles accidentes graves en los que est\u00e9n involucradas sustancias peligrosas, con el fin de eliminar o minimizar su impacto negativo.<\/li>\n<li>Gestionar las modificaciones a realizar en las instalaciones que puedan afectar al control del riesgo de accidentes, con especial incidencia en el riesgo de accidentes graves en los que est\u00e9n involucradas sustancias peligrosas.<\/li>\n<li>Adoptar, siempre que sea viable, <strong>t\u00e9cnicas y tecnolog\u00edas que permitan seguir la evoluci\u00f3n de los mercados y los requisitos de los clientes<\/strong>, e implantar procedimientos que garanticen la ejecuci\u00f3n de las actividades, el funcionamiento de las instalaciones y los equipos en condiciones seguras y respetuosas con el medio ambiente.<\/li>\n<li>Establecer un <strong>compromiso de protecci\u00f3n del medio ambiente<\/strong>, trabajando para prevenir y controlar la contaminaci\u00f3n mediante la gesti\u00f3n integrada de los residuos que produce, el uso eficiente de la energ\u00eda y los recursos, minimizando el impacto ambiental de las actividades y los productos.<\/li>\n<li>Revisar la Pol\u00edtica de Gesti\u00f3n a intervalos de tiempo planificados, con vistas a su <strong>mejora continua y a garantizar su adecuaci\u00f3n<\/strong>.<br \/>\nCumplir con las obligaciones de conformidad con los requisitos del cliente, reglamentarios, legales y otros aplicables a Eurospuma.<\/li>\n<\/ul>\n<p>La Pol\u00edtica de Gesti\u00f3n se comunica, se conoce y se mantiene a todos los niveles de la organizaci\u00f3n.<\/p>\n<p>Nuestro Sistema de Gesti\u00f3n Medioambiental est\u00e1 certificado seg\u00fan la norma <strong>ISO\u00a014001:2015<\/strong> y el Sistema de Gesti\u00f3n de Calidad conforme a la norma <strong>ISO\u00a09001:2015<\/strong>, reconocidos por T\u00dcV Rheinland.<\/p>\n\t\t\t\t\t\t\t\t<\/div>\n\t\t\t\t<\/div>\n\t\t\t\t<div class=\"elementor-element elementor-element-8295ac8 elementor-widget elementor-widget-image\" data-id=\"8295ac8\" data-element_type=\"widget\" data-e-type=\"widget\" data-widget_type=\"image.default\">\n\t\t\t\t<div class=\"elementor-widget-container\">\n\t\t\t\t\t\t\t\t\t\t\t\t\t\t\t<img fetchpriority=\"high\" decoding=\"async\" width=\"768\" height=\"388\" src=\"https:\/\/eurospuma.com\/wp-content\/uploads\/2022\/08\/TR_Testmark_9108650727_EN_CMYK_without_QR_Code-768x388.jpg\" class=\"attachment-medium_large size-medium_large wp-image-4658\" alt=\"\" srcset=\"https:\/\/eurospuma.com\/wp-content\/uploads\/2022\/08\/TR_Testmark_9108650727_EN_CMYK_without_QR_Code-768x388.jpg 768w, https:\/\/eurospuma.com\/wp-content\/uploads\/2022\/08\/TR_Testmark_9108650727_EN_CMYK_without_QR_Code-300x152.jpg 300w, https:\/\/eurospuma.com\/wp-content\/uploads\/2022\/08\/TR_Testmark_9108650727_EN_CMYK_without_QR_Code.jpg 800w\" sizes=\"(max-width: 768px) 100vw, 768px\" \/>\t\t\t\t\t\t\t\t\t\t\t\t\t\t\t<\/div>\n\t\t\t\t<\/div>\n\t\t\t\t\t<\/div>\n\t\t\t\t<\/div>\n\t\t\t\t<\/div>\n\t\t","protected":false},"excerpt":{"rendered":"<p>Eurospuma se dedica a fabricar espumas de poliuretano y de telas no tejidas. Consciente de su actividad, es pol\u00edtica de Eurospuma satisfacer las necesidades y expectativas de sus clientes y dem\u00e1s partes interesadas, a trav\u00e9s de un esfuerzo de mejora continua de la eficiencia y eficacia de sus procesos, as\u00ed como preservar el medio ambiente, [&hellip;]<\/p>\n","protected":false},"author":1,"featured_media":0,"parent":0,"menu_order":0,"comment_status":"closed","ping_status":"closed","template":"","meta":{"footnotes":""},"class_list":["post-5243","page","type-page","status-publish","hentry"],"_links":{"self":[{"href":"https:\/\/eurospuma.com\/es\/wp-json\/wp\/v2\/pages\/5243","targetHints":{"allow":["GET"]}}],"collection":[{"href":"https:\/\/eurospuma.com\/es\/wp-json\/wp\/v2\/pages"}],"about":[{"href":"https:\/\/eurospuma.com\/es\/wp-json\/wp\/v2\/types\/page"}],"author":[{"embeddable":true,"href":"https:\/\/eurospuma.com\/es\/wp-json\/wp\/v2\/users\/1"}],"replies":[{"embeddable":true,"href":"https:\/\/eurospuma.com\/es\/wp-json\/wp\/v2\/comments?post=5243"}],"version-history":[{"count":2,"href":"https:\/\/eurospuma.com\/es\/wp-json\/wp\/v2\/pages\/5243\/revisions"}],"predecessor-version":[{"id":5248,"href":"https:\/\/eurospuma.com\/es\/wp-json\/wp\/v2\/pages\/5243\/revisions\/5248"}],"wp:attachment":[{"href":"https:\/\/eurospuma.com\/es\/wp-json\/wp\/v2\/media?parent=5243"}],"curies":[{"name":"wp","href":"https:\/\/api.w.org\/{rel}","templated":true}]}}