{"id":5241,"date":"2023-06-14T10:36:02","date_gmt":"2023-06-14T10:36:02","guid":{"rendered":"https:\/\/eurospuma.com\/condiciones-de-uso\/"},"modified":"2023-06-14T10:36:02","modified_gmt":"2023-06-14T10:36:02","slug":"condiciones-de-uso","status":"publish","type":"page","link":"https:\/\/eurospuma.com\/es\/condiciones-de-uso\/","title":{"rendered":"Condiciones de uso"},"content":{"rendered":"\t\t<div data-elementor-type=\"wp-page\" data-elementor-id=\"5241\" class=\"elementor elementor-5241 elementor-1761\" data-elementor-post-type=\"page\">\n\t\t\t\t<div class=\"elementor-element elementor-element-219f75c9 e-flex e-con-boxed e-con e-parent\" data-id=\"219f75c9\" data-element_type=\"container\" data-e-type=\"container\" data-settings=\"{&quot;jet_parallax_layout_list&quot;:[]}\">\n\t\t\t\t\t<div class=\"e-con-inner\">\n\t\t\t\t<div class=\"elementor-element elementor-element-41c51f27 home-title animations-reveals elementor-widget elementor-widget-heading\" data-id=\"41c51f27\" data-element_type=\"widget\" data-e-type=\"widget\" data-widget_type=\"heading.default\">\n\t\t\t\t<div class=\"elementor-widget-container\">\n\t\t\t\t\t<h2 class=\"elementor-heading-title elementor-size-default\">Condiciones de uso<\/h2>\t\t\t\t<\/div>\n\t\t\t\t<\/div>\n\t\t\t\t<div class=\"elementor-element elementor-element-6f991bd elementor-widget elementor-widget-text-editor\" data-id=\"6f991bd\" data-element_type=\"widget\" data-e-type=\"widget\" data-widget_type=\"text-editor.default\">\n\t\t\t\t<div class=\"elementor-widget-container\">\n\t\t\t\t\t\t\t\t\t<p><strong>Copyright \u00a9 2022 Eurospuma S.A.<\/strong><\/p>\n<p><strong>Todos los derechos reservados.<\/strong><\/p>\n<p>Queda prohibida la reproducci\u00f3n total o parcial de este sitio web sin el permiso previo de Eurospuma S.A.<\/p>\n<p>Rogamos nos informe de cualquier error o enlace roto que pueda existir en este sitio web, enviando un correo electr\u00f3nico a: geral@eurospuma.pt.<\/p>\n<p>La consulta de las publicaciones en formato electr\u00f3nico de Eurospuma presupone que el lector conoce este aviso y que esta publicaci\u00f3n y todos sus elementos est\u00e1n protegidos por la legislaci\u00f3n portuguesa, en virtud del C\u00f3digo de Derechos de Autor y Derechos Conexos y del C\u00f3digo de Propiedad Industrial, no siendo procedente alegar el desconocimiento de esta protecci\u00f3n jur\u00eddica.<\/p>\n<p>La consulta de estas publicaciones en formato electr\u00f3nico de Eurospuma S.A. presupone que el lector ha aceptado las condiciones y disposiciones contenidas en las siguientes cl\u00e1usulas, no siendo procedente alegar el desconocimiento de las mismas o su no aceptaci\u00f3n.<\/p>\n<p><strong>1.<\/strong> Todos los textos, im\u00e1genes, ilustraciones, fotograf\u00edas, publicidad, marcas y dem\u00e1s elementos contenidos en estas publicaciones electr\u00f3nicas (denominados contenidos) est\u00e1n protegidos por ley, quedando expresamente prohibida la copia, reproducci\u00f3n, difusi\u00f3n o transmisi\u00f3n, utilizaci\u00f3n, modificaci\u00f3n, venta, publicaci\u00f3n, distribuci\u00f3n o cualquier otra utilizaci\u00f3n, total o parcial, comercial o no comercial, cualquiera que sea el medio utilizado, de los contenidos de esta publicaci\u00f3n y de los contenidos a los que se acceda a trav\u00e9s de la misma.<\/p>\n<p><strong>2.<\/strong> Quedan exceptuados de esta prohibici\u00f3n los usos libres autorizados por ley, en particular el derecho a citar, siempre que se identifique claramente la fuente.<\/p>\n<p><strong>3.<\/strong> La usurpaci\u00f3n, la falsificaci\u00f3n, el uso de contenidos usurpados o falsificados, la identificaci\u00f3n ileg\u00edtima y la competencia desleal son punibles penalmente.<\/p>\n<p><strong>4.<\/strong> Eurospuma S.A. se reserva el derecho de emprender acciones legales contra los autores de cualquier copia, reproducci\u00f3n u otro uso no autorizado de los contenidos de esta publicaci\u00f3n o de cualquier contenido al que se acceda a trav\u00e9s de la misma, y declina toda responsabilidad derivada del uso no autorizado de dichos contenidos por terceros.<\/p>\n<p><strong>5.<\/strong> Eurospuma S.A. considera que sus publicaciones electr\u00f3nicas est\u00e1n sujetas a la legislaci\u00f3n portuguesa relativa a la prensa, en la medida en que esta sea aplicable y, en particular, a efectos de responsabilidad por los hechos, opiniones, art\u00edculos y comentarios de personas u organismos debidamente identificados, as\u00ed como de protecci\u00f3n de fuentes y dem\u00e1s deberes, derechos y libertades aplicables a la prensa escrita.<\/p>\n<p><strong>6.<\/strong> Eurospuma S.A. no se responsabiliza de las deficiencias, interrupciones, retrasos, errores u omisiones, relacionados con o resultantes de la transmisi\u00f3n de su edici\u00f3n electr\u00f3nica, que no le sean directamente imputables, en cuyo caso dicha responsabilidad quedar\u00e1 limitada al importe efectivamente gastado por el usuario para proceder a la consulta de esta edici\u00f3n electr\u00f3nica.<\/p>\n<p><strong>7.<\/strong> Las publicaciones electr\u00f3nicas de Eurospuma S.A. se rigen por la legislaci\u00f3n portuguesa.<\/p>\n\t\t\t\t\t\t\t\t<\/div>\n\t\t\t\t<\/div>\n\t\t\t\t\t<\/div>\n\t\t\t\t<\/div>\n\t\t\t\t<\/div>\n\t\t","protected":false},"excerpt":{"rendered":"<p>Copyright \u00a9 2022 Eurospuma S.A. Todos los derechos reservados. Queda prohibida la reproducci\u00f3n total o parcial de este sitio web sin el permiso previo de Eurospuma S.A. Rogamos nos informe de cualquier error o enlace roto que pueda existir en este sitio web, enviando un correo electr\u00f3nico a: geral@eurospuma.pt. La consulta de las publicaciones en [&hellip;]<\/p>\n","protected":false},"author":1,"featured_media":0,"parent":0,"menu_order":0,"comment_status":"closed","ping_status":"closed","template":"","meta":{"footnotes":""},"class_list":["post-5241","page","type-page","status-publish","hentry"],"_links":{"self":[{"href":"https:\/\/eurospuma.com\/es\/wp-json\/wp\/v2\/pages\/5241","targetHints":{"allow":["GET"]}}],"collection":[{"href":"https:\/\/eurospuma.com\/es\/wp-json\/wp\/v2\/pages"}],"about":[{"href":"https:\/\/eurospuma.com\/es\/wp-json\/wp\/v2\/types\/page"}],"author":[{"embeddable":true,"href":"https:\/\/eurospuma.com\/es\/wp-json\/wp\/v2\/users\/1"}],"replies":[{"embeddable":true,"href":"https:\/\/eurospuma.com\/es\/wp-json\/wp\/v2\/comments?post=5241"}],"version-history":[{"count":1,"href":"https:\/\/eurospuma.com\/es\/wp-json\/wp\/v2\/pages\/5241\/revisions"}],"predecessor-version":[{"id":5242,"href":"https:\/\/eurospuma.com\/es\/wp-json\/wp\/v2\/pages\/5241\/revisions\/5242"}],"wp:attachment":[{"href":"https:\/\/eurospuma.com\/es\/wp-json\/wp\/v2\/media?parent=5241"}],"curies":[{"name":"wp","href":"https:\/\/api.w.org\/{rel}","templated":true}]}}