{"id":5239,"date":"2023-06-14T10:34:07","date_gmt":"2023-06-14T10:34:07","guid":{"rendered":"https:\/\/eurospuma.com\/politica-de-cookies\/"},"modified":"2023-06-14T10:34:07","modified_gmt":"2023-06-14T10:34:07","slug":"politica-de-cookies","status":"publish","type":"page","link":"https:\/\/eurospuma.com\/es\/politica-de-cookies\/","title":{"rendered":"Pol\u00edtica de cookies"},"content":{"rendered":"\t\t<div data-elementor-type=\"wp-page\" data-elementor-id=\"5239\" class=\"elementor elementor-5239 elementor-1746\" data-elementor-post-type=\"page\">\n\t\t\t\t<div class=\"elementor-element elementor-element-219f75c9 e-flex e-con-boxed e-con e-parent\" data-id=\"219f75c9\" data-element_type=\"container\" data-e-type=\"container\" data-settings=\"{&quot;jet_parallax_layout_list&quot;:[]}\">\n\t\t\t\t\t<div class=\"e-con-inner\">\n\t\t\t\t<div class=\"elementor-element elementor-element-41c51f27 home-title animations-reveals elementor-widget elementor-widget-heading\" data-id=\"41c51f27\" data-element_type=\"widget\" data-e-type=\"widget\" data-widget_type=\"heading.default\">\n\t\t\t\t<div class=\"elementor-widget-container\">\n\t\t\t\t\t<h2 class=\"elementor-heading-title elementor-size-default\">Pol\u00edtica de cookies<\/h2>\t\t\t\t<\/div>\n\t\t\t\t<\/div>\n\t\t\t\t<div class=\"elementor-element elementor-element-6f991bd elementor-widget elementor-widget-text-editor\" data-id=\"6f991bd\" data-element_type=\"widget\" data-e-type=\"widget\" data-widget_type=\"text-editor.default\">\n\t\t\t\t<div class=\"elementor-widget-container\">\n\t\t\t\t\t\t\t\t\t<h5>1. \u00bfQu\u00e9 son las cookies?<\/h5>\n<p>Las \u00abcookies\u00bb son peque\u00f1as etiquetas de software que se almacenan en su ordenador a trav\u00e9s de su navegador de Internet, conservando \u00fanicamente informaci\u00f3n relacionada con sus preferencias, no incluyendo como tales sus datos personales.<\/p>\n<h5>2. \u00bfPara qu\u00e9 sirven las cookies?<\/h5>\n<p>Las cookies se utilizan para ayudar a determinar la utilidad, el inter\u00e9s y el n\u00famero de usos de sus sitios web, permitiendo una navegaci\u00f3n m\u00e1s r\u00e1pida y eficiente, eliminando la necesidad de introducir repetidamente la misma informaci\u00f3n.<\/p>\n<h5>3. \u00bfQu\u00e9 tipo de cookies utilizamos?<\/h5>\n<p>Existen dos grupos de cookies que pueden ser utilizadas:<\/p>\n<p>Cookies permanentes: son cookies que se almacenan a nivel de navegador en su equipo de acceso (PC, m\u00f3vil y tableta) y que se utilizan cada vez que usted realiza una nueva visita a uno de nuestros sitios web. Se utilizan generalmente para dirigir la navegaci\u00f3n a los intereses del usuario, permiti\u00e9ndonos ofrecer un servicio m\u00e1s personalizado.<\/p>\n<p>Cookies de sesi\u00f3n: son cookies temporales que permanecen en el archivo de cookies de su navegador hasta que usted abandona el sitio web. La informaci\u00f3n obtenida por estas cookies sirve para analizar patrones de tr\u00e1fico en la web, lo que nos permite identificar problemas y ofrecer una mejor experiencia de navegaci\u00f3n.<\/p>\n<h5>4. \u00bfCon qu\u00e9 fines utilizamos las cookies?<\/h5>\n<p>Cookies estrictamente necesarias: Le permiten navegar por el sitio web y utilizar sus aplicaciones, as\u00ed como acceder a \u00e1reas seguras del sitio web. Sin estas cookies, los servicios que usted haya solicitado no pueden prestarse.<\/p>\n<p>Cookies anal\u00edticas: Se utilizan de forma an\u00f3nima con la finalidad de elaborar y analizar estad\u00edsticas para mejorar el funcionamiento del sitio web.<\/p>\n<p>Cookies de funcionalidad: Almacenan las preferencias del usuario en cuanto al uso del sitio web para que no tenga que volver a configurarlo cada vez que lo visite.<\/p>\n<p>Cookies de terceros: Miden el \u00e9xito de las aplicaciones y la eficacia de la publicidad de terceros. Tambi\u00e9n pueden utilizarse para personalizar un widget con datos del usuario.<\/p>\n<p>Cookies publicitarias: Dirigen la publicidad en funci\u00f3n de los intereses de cada usuario, con el fin de orientar las campa\u00f1as publicitarias teniendo en cuenta los gustos del usuario; tambi\u00e9n limitan el n\u00famero de veces que se ve la publicidad, ayudando a medir la eficacia de la publicidad y el \u00e9xito organizativo del sitio web.<\/p>\n<h5>5. \u00bfC\u00f3mo puede gestionar usted las cookies?<\/h5>\n<p>Todos los navegadores le permiten aceptar, rechazar o eliminar las cookies, en particular seleccionando la configuraci\u00f3n adecuada en su navegador. Usted puede configurar las cookies en el men\u00fa \u00abopciones\u00bb o \u00abpreferencias\u00bb de su navegador.<\/p>\n<p>Tenga en cuenta, no obstante, que la desactivaci\u00f3n de las cookies puede impedir el correcto funcionamiento de algunos servicios web, afectando parcial o totalmente a la navegaci\u00f3n por el sitio web.<\/p>\n<p>Los usuarios pueden desactivar el uso de cookies en este sitio web en cualquier momento modificando, por ejemplo, la configuraci\u00f3n de su navegador:<\/p>\n<ul>\n<li>Google Chrome:<\/li>\n<li>Internet Explorer:<\/li>\n<li>Mozilla Firefox:<\/li>\n<li>Apple Safari:<\/li>\n<\/ul>\n<h5>6. \u00bfQu\u00e9 pasa cuando se desactivan las cookies?<\/h5>\n<p>Algunas funciones y servicios pueden dejar de funcionar o comportarse de forma inesperada, como, por ejemplo, la identificaci\u00f3n del usuario en determinadas p\u00e1ginas o la recepci\u00f3n de informaci\u00f3n que tiene en cuenta la ubicaci\u00f3n del usuario, entre otras. Si desactiva las cookies de este sitio web, es probable que no tenga acceso a determinadas \u00e1reas o que la calidad de su experiencia de navegaci\u00f3n sea considerablemente inferior.<\/p>\n<h5>7. Cookies utilizadas en este sitio web<\/h5>\n<p>A continuaci\u00f3n, encontrar\u00e1 una tabla resumen de las cookies utilizadas en este sitio web:<\/p>\n<p>Cookies propias<\/p>\n<table class=\"t1\" cellspacing=\"0\" cellpadding=\"0\">\n<tbody>\n<tr>\n<td class=\"td1\" valign=\"top\">\n<p class=\"p1\">Proveedor<\/p>\n<\/td>\n<td class=\"td2\" valign=\"top\">\n<p class=\"p1\">Cookies<\/p>\n<\/td>\n<td class=\"td3\" valign=\"top\">\n<p class=\"p1\">Duraci\u00f3n<\/p>\n<\/td>\n<td class=\"td4\" valign=\"top\">\n<p class=\"p1\">Tipo<\/p>\n<\/td>\n<td class=\"td5\" valign=\"top\">\n<p class=\"p1\">Finalidad<\/p>\n<\/td>\n<\/tr>\n<tr>\n<td class=\"td6\" valign=\"top\">\n<p class=\"p1\">www.eurospuma.com<\/p>\n<\/td>\n<td class=\"td7\" valign=\"top\">\n<p class=\"p1\">eurospuma<\/p>\n<\/td>\n<td class=\"td8\" valign=\"top\">\n<p class=\"p1\">Hasta el final de la sesi\u00f3n<\/p>\n<\/td>\n<td class=\"td9\" valign=\"top\">\n<p class=\"p1\">Sesi\u00f3n<\/p>\n<\/td>\n<td class=\"td10\" valign=\"top\">\n<p class=\"p1\">PHP utiliza esta cookie para permitir que las variables de sesi\u00f3n se almacenen en el servidor web. Esta cookie es esencial para que el sitio web funcione.<\/p>\n<\/td>\n<\/tr>\n<tr>\n<td class=\"td11\" valign=\"top\">\n<p class=\"p1\">www.eurospuma.com<\/p>\n<\/td>\n<td class=\"td12\" valign=\"top\">\n<p class=\"p1\">show_video<\/p>\n<\/td>\n<td class=\"td13\" valign=\"top\">\n<p class=\"p1\">Una hora<\/p>\n<\/td>\n<td class=\"td14\" valign=\"top\">\n<p class=\"p1\">Permanente<\/p>\n<\/td>\n<td class=\"td15\" valign=\"top\">\n<p class=\"p1\">Establecer la hora a la que se mostr\u00f3 el v\u00eddeo promocional de la empresa<\/p>\n<\/td>\n<\/tr>\n<tr>\n<td class=\"td11\" valign=\"top\">\n<p class=\"p1\">www.eurospuma.com<\/p>\n<\/td>\n<td class=\"td12\" valign=\"top\">\n<p class=\"p1\">lang<\/p>\n<\/td>\n<td class=\"td13\" valign=\"top\">\n<p class=\"p1\">Un a\u00f1o<\/p>\n<\/td>\n<td class=\"td14\" valign=\"top\">\n<p class=\"p1\">Permanente<\/p>\n<\/td>\n<td class=\"td15\" valign=\"top\">\n<p class=\"p1\">Identificar el idioma utilizado en el sitio web durante la navegaci\u00f3n.<\/p>\n<\/td>\n<\/tr>\n<tr>\n<td class=\"td11\" valign=\"top\">\n<p class=\"p1\">www.eurospuma.com<\/p>\n<\/td>\n<td class=\"td12\" valign=\"top\">\n<p class=\"p1\">allow_cookies<\/p>\n<\/td>\n<td class=\"td13\" valign=\"top\">\n<p class=\"p1\">Un a\u00f1o<\/p>\n<\/td>\n<td class=\"td14\" valign=\"top\">\n<p class=\"p1\">Permanente<\/p>\n<\/td>\n<td class=\"td15\" valign=\"top\">\n<p class=\"p1\">Identificar si el usuario ya ha aceptado la pol\u00edtica de cookies.<\/p>\n<\/td>\n<\/tr>\n<tr>\n<td class=\"td16\" valign=\"top\">\n<p class=\"p1\">Google<\/p>\n<\/td>\n<td class=\"td17\" valign=\"top\">\n<p class=\"p1\">_gid<\/p>\n<\/td>\n<td class=\"td18\" valign=\"top\">\n<p class=\"p1\">24 horas<\/p>\n<\/td>\n<td class=\"td19\" valign=\"top\">\n<p class=\"p1\">Permanente<\/p>\n<\/td>\n<td class=\"td20\" valign=\"top\">\n<p class=\"p1\">Forma parte de Google Analytics. Se utiliza para diferenciar a los usuarios (<a href=\"https:\/\/www.google.com\/url?q=https:\/\/developers.google.com\/analytics\/devguides\/collection\/analyticsjs\/cookie-usage?hl=es-419%23analyticsjs&amp;sa=D&amp;source=editors&amp;ust=1685459186969056&amp;usg=AOvVaw1GX2VD5GPOdGNU6mByfVk1\"><span class=\"s1\">ver m\u00e1s aqu\u00ed<\/span><\/a>).<\/p>\n<\/td>\n<\/tr>\n<tr>\n<td class=\"td21\" valign=\"top\">\n<p class=\"p1\">Google<\/p>\n<\/td>\n<td class=\"td22\" valign=\"top\">\n<p class=\"p1\">_ga<\/p>\n<\/td>\n<td class=\"td23\" valign=\"top\">\n<p class=\"p1\">Dos a\u00f1os<\/p>\n<\/td>\n<td class=\"td24\" valign=\"top\">\n<p class=\"p1\">Permanente<\/p>\n<\/td>\n<td class=\"td25\" valign=\"top\">\n<p class=\"p1\">Forma parte de Google Analytics. Se utiliza para diferenciar a los usuarios (<a href=\"https:\/\/www.google.com\/url?q=https:\/\/developers.google.com\/analytics\/devguides\/collection\/analyticsjs\/cookie-usage?hl=es-419%23analyticsjs&amp;sa=D&amp;source=editors&amp;ust=1685459186970969&amp;usg=AOvVaw2VJKYXVHGJy4sgkBTYry3v\"><span class=\"s1\">ver m\u00e1s aqu\u00ed<\/span><\/a>).<\/p>\n<\/td>\n<\/tr>\n<tr>\n<td class=\"td26\" valign=\"top\">\n<p class=\"p1\">Google<\/p>\n<\/td>\n<td class=\"td27\" valign=\"top\">\n<p class=\"p1\">_gat<\/p>\n<\/td>\n<td class=\"td28\" valign=\"top\">\n<p class=\"p1\">10 minutos<\/p>\n<\/td>\n<td class=\"td29\" valign=\"top\">\n<p class=\"p1\">Permanente<\/p>\n<\/td>\n<td class=\"td30\" valign=\"top\">\n<p class=\"p1\">Forma parte de Google Analytics. Se utiliza para limitar el porcentaje de solicitudes (<a href=\"https:\/\/www.google.com\/url?q=https:\/\/developers.google.com\/analytics\/devguides\/collection\/analyticsjs\/cookie-usage?hl=es-419%23analyticsjs&amp;sa=D&amp;source=editors&amp;ust=1685459186972928&amp;usg=AOvVaw0lU_TjP6qwsmBJ356pwgmN\"><span class=\"s1\">ver m\u00e1s aqu\u00ed<\/span><\/a>).<\/p>\n<\/td>\n<\/tr>\n<\/tbody>\n<\/table>\n<p class=\"p1\">Cookies de terceros<\/p>\n<table class=\"t1\" cellspacing=\"0\" cellpadding=\"0\">\n<tbody>\n<tr>\n<td class=\"td31\" valign=\"top\">\n<p class=\"p1\">Proveedor<\/p>\n<\/td>\n<td class=\"td32\" valign=\"top\">\n<p class=\"p1\">Cookies<\/p>\n<\/td>\n<td class=\"td33\" valign=\"top\">\n<p class=\"p1\">Duraci\u00f3n<\/p>\n<\/td>\n<td class=\"td34\" valign=\"top\">\n<p class=\"p1\">Tipo<\/p>\n<\/td>\n<td class=\"td35\" valign=\"top\">\n<p class=\"p1\">Finalidad<\/p>\n<\/td>\n<\/tr>\n<tr>\n<td class=\"td36\" valign=\"top\">\n<p class=\"p1\">YouTube<\/p>\n<\/td>\n<td class=\"td37\" valign=\"top\">\n<p class=\"p1\">SID, APISID, SSID, SAPISID, VISITOR_INFO1_LIVE,, PREF, HSID, LOGIN_INFO<\/p>\n<\/td>\n<td class=\"td38\" valign=\"top\">\n<p class=\"p1\">Dos a\u00f1os.<\/p>\n<\/td>\n<td class=\"td39\" valign=\"top\">\n<p class=\"p1\">Permanente<\/p>\n<\/td>\n<td class=\"td40\" valign=\"top\">\n<p class=\"p1\">Mejoran la experiencia del usuario y guardan algunas preferencias de navegaci\u00f3n en YouTube.<\/p>\n<\/td>\n<\/tr>\n<tr>\n<td class=\"td41\" valign=\"top\">\n<p class=\"p1\">Google<\/p>\n<\/td>\n<td class=\"td42\" valign=\"top\">\n<p class=\"p1\">PREF, HSID, S, APISID, SAPISID, SID, 1P_JAR, SIDCC, NID, SSID, OGPC, CONSENT, 1P_JAR, S_adsense3-ui<\/p>\n<\/td>\n<td class=\"td43\" valign=\"top\">\n<p class=\"p1\">Dos a\u00f1os.<\/p>\n<\/td>\n<td class=\"td44\" valign=\"top\">\n<p class=\"p1\">Permanente<\/p>\n<\/td>\n<td class=\"td45\" valign=\"top\">\n<p class=\"p1\">Al crear una cuenta de Google o acceder a ella, las cookies PREF, NID, HSID, APISID, SID, SSID, SAPISID, GAPS, LSID, BEAT y ULS se almacenan en su ordenador para permanecer conectadas a su cuenta de Google cuando vuelva a visitar el servicio. Mientras usted est\u00e1 conectado y utiliza complementos de otros sitios web, como el nuestro, Google utiliza estas cookies para mejorar su experiencia de usuario. Algunas de las cookies tambi\u00e9n se utilizan para mejorar su experiencia de navegaci\u00f3n, p.ej., al utilizar el Google Maps.<\/p>\n<\/td>\n<\/tr>\n<\/tbody>\n<\/table>\n<h5>8. Garant\u00edas adicionales y revocaci\u00f3n de la aceptaci\u00f3n<\/h5>\n<p>Eurospuma no se hace responsable del contenido y veracidad de las pol\u00edticas de privacidad de los componentes de terceros eventualmente incluidos en este sitio web.<\/p>\n<p>Como garant\u00eda adicional, el almacenamiento de cookies en este sitio web puede estar sujeto a la aceptaci\u00f3n de cookies por parte del usuario durante su visita al sitio web y la instalaci\u00f3n o actualizaci\u00f3n del navegador utilizado. Esta aceptaci\u00f3n podr\u00e1 ser revocada en cualquier momento en la configuraci\u00f3n de contenidos y privacidad, tal y como se ha definido anteriormente en el punto 5 de esta pol\u00edtica o utilizando el enlace que aparece al final de esta p\u00e1gina.<\/p>\n<h5>9. Actualizaci\u00f3n de la pol\u00edtica de cookies<\/h5>\n<p>Eurospuma puede modificar esta pol\u00edtica de cookies en funci\u00f3n de exigencias legales, reglamentarias, o adaptar dicha pol\u00edtica a nuevas instrucciones dictadas por la ley. Cuando se produzcan modificaciones significativas en esta pol\u00edtica de cookies, dichas modificaciones se comunicar\u00e1n a los usuarios del sitio web.<\/p>\n<p><strong>M\u00e1s informaci\u00f3n sobre las cookies<\/strong><\/p>\n<p>Puede encontrar m\u00e1s informaci\u00f3n sobre las cookies en el siguiente enlace:\u00a0<a href=\"http:\/\/www.allaboutcookies.org\" target=\"_blank\" rel=\"noopener\">www.allaboutcookies.org<\/a><\/p>\n\t\t\t\t\t\t\t\t<\/div>\n\t\t\t\t<\/div>\n\t\t\t\t\t<\/div>\n\t\t\t\t<\/div>\n\t\t\t\t<\/div>\n\t\t","protected":false},"excerpt":{"rendered":"<p>1. \u00bfQu\u00e9 son las cookies? Las \u00abcookies\u00bb son peque\u00f1as etiquetas de software que se almacenan en su ordenador a trav\u00e9s de su navegador de Internet, conservando \u00fanicamente informaci\u00f3n relacionada con sus preferencias, no incluyendo como tales sus datos personales. 2. \u00bfPara qu\u00e9 sirven las cookies? Las cookies se utilizan para ayudar a determinar la utilidad, [&hellip;]<\/p>\n","protected":false},"author":1,"featured_media":0,"parent":0,"menu_order":0,"comment_status":"closed","ping_status":"closed","template":"","meta":{"footnotes":""},"class_list":["post-5239","page","type-page","status-publish","hentry"],"_links":{"self":[{"href":"https:\/\/eurospuma.com\/es\/wp-json\/wp\/v2\/pages\/5239","targetHints":{"allow":["GET"]}}],"collection":[{"href":"https:\/\/eurospuma.com\/es\/wp-json\/wp\/v2\/pages"}],"about":[{"href":"https:\/\/eurospuma.com\/es\/wp-json\/wp\/v2\/types\/page"}],"author":[{"embeddable":true,"href":"https:\/\/eurospuma.com\/es\/wp-json\/wp\/v2\/users\/1"}],"replies":[{"embeddable":true,"href":"https:\/\/eurospuma.com\/es\/wp-json\/wp\/v2\/comments?post=5239"}],"version-history":[{"count":1,"href":"https:\/\/eurospuma.com\/es\/wp-json\/wp\/v2\/pages\/5239\/revisions"}],"predecessor-version":[{"id":5240,"href":"https:\/\/eurospuma.com\/es\/wp-json\/wp\/v2\/pages\/5239\/revisions\/5240"}],"wp:attachment":[{"href":"https:\/\/eurospuma.com\/es\/wp-json\/wp\/v2\/media?parent=5239"}],"curies":[{"name":"wp","href":"https:\/\/api.w.org\/{rel}","templated":true}]}}