{"id":5237,"date":"2023-06-14T10:27:54","date_gmt":"2023-06-14T10:27:54","guid":{"rendered":"https:\/\/eurospuma.com\/politica-de-privacidad\/"},"modified":"2023-06-14T10:27:54","modified_gmt":"2023-06-14T10:27:54","slug":"politica-de-privacidad","status":"publish","type":"page","link":"https:\/\/eurospuma.com\/es\/politica-de-privacidad\/","title":{"rendered":"Pol\u00edtica de privacidad"},"content":{"rendered":"\t\t<div data-elementor-type=\"wp-page\" data-elementor-id=\"5237\" class=\"elementor elementor-5237 elementor-3\" data-elementor-post-type=\"page\">\n\t\t\t\t<div class=\"elementor-element elementor-element-219f75c9 e-flex e-con-boxed e-con e-parent\" data-id=\"219f75c9\" data-element_type=\"container\" data-e-type=\"container\" data-settings=\"{&quot;jet_parallax_layout_list&quot;:[]}\">\n\t\t\t\t\t<div class=\"e-con-inner\">\n\t\t\t\t<div class=\"elementor-element elementor-element-41c51f27 home-title animations-reveals elementor-widget elementor-widget-heading\" data-id=\"41c51f27\" data-element_type=\"widget\" data-e-type=\"widget\" data-widget_type=\"heading.default\">\n\t\t\t\t<div class=\"elementor-widget-container\">\n\t\t\t\t\t<h2 class=\"elementor-heading-title elementor-size-default\">Pol\u00edtica de privacidad<\/h2>\t\t\t\t<\/div>\n\t\t\t\t<\/div>\n\t\t\t\t<div class=\"elementor-element elementor-element-6f991bd elementor-widget elementor-widget-text-editor\" data-id=\"6f991bd\" data-element_type=\"widget\" data-e-type=\"widget\" data-widget_type=\"text-editor.default\">\n\t\t\t\t<div class=\"elementor-widget-container\">\n\t\t\t\t\t\t\t\t\t<h5>1. \u00c1mbito de aplicaci\u00f3n de nuestra Pol\u00edtica de Privacidad<\/h5>\n<p>La recogida y el tratamiento de datos personales han sido dise\u00f1ados para dar cumplimiento al Reglamento (UE) 2016\/679 del Parlamento Europeo y del Consejo, de 27 de abril de 2016, relativo a la protecci\u00f3n de las personas f\u00edsicas en lo que respecta al tratamiento de datos personales y a la libre circulaci\u00f3n de estos datos y por el que se deroga la Directiva 95\/46\/CE (Reglamento General de Protecci\u00f3n de Datos).<\/p>\n<h5>2. \u00bfQu\u00e9 son datos personales?<\/h5>\n<p>\u00abDatos personales\u00bb es toda informaci\u00f3n sobre una persona f\u00edsica identificada o identificable (\u00abinteresado\u00bb); una persona f\u00edsica identificable es aquella cuya identidad puede determinarse, directa o indirectamente, en particular mediante un identificador, tal como un nombre, un n\u00famero de identificaci\u00f3n, sus datos de localizaci\u00f3n, identificadores electr\u00f3nicos, o uno o varios elementos espec\u00edficos, caracter\u00edsticos de la identidad f\u00edsica, fisiol\u00f3gica, gen\u00e9tica, ps\u00edquica, econ\u00f3mica, cultural o social de dicha persona f\u00edsica. Cuando usted se comunica con nosotros \/ nos responde, nosotros podemos recopilar informaci\u00f3n personal. Esta informaci\u00f3n puede incluir: nombre, n\u00famero de tel\u00e9fono, fotograf\u00eda, sexo, direcci\u00f3n de correo electr\u00f3nico, n\u00famero de carnet de identidad, profesi\u00f3n, etc.<\/p>\n<h5>3. \u00bfCon qu\u00e9 fines recabamos datos personales?<\/h5>\n<p>Los datos personales que usted nos facilite tienen como finalidad la gesti\u00f3n de la relaci\u00f3n contractual, la prestaci\u00f3n de los servicios contratados, la adecuaci\u00f3n de los servicios a las necesidades e intereses del cliente, las actividades de informaci\u00f3n y marketing y la seguridad de las personas y los bienes. No recabamos ni tratamos ning\u00fan dato personal o informaci\u00f3n obtenida con la finalidad de permitir su explotaci\u00f3n, en cualquier forma, por terceros.<\/p>\n<h5>4. \u00bfC\u00f3mo se garantiza la seguridad del tratamiento de sus datos personales?<\/h5>\n<p>Sus datos pueden ser recabados oralmente, por escrito (en particular a trav\u00e9s de formularios y contratos), as\u00ed como por medios electr\u00f3nicos. Se garantiza la protecci\u00f3n de sus datos personales frente a cualquier p\u00e9rdida, destrucci\u00f3n, alteraci\u00f3n, acceso o uso indebido o no autorizado, adoptando para ello todas las medidas legalmente exigidas a tal fin. A pesar de nuestros esfuerzos, le advertimos de que Internet puede no constituir un lugar seguro para la comunicaci\u00f3n. De hecho, la informaci\u00f3n transmitida a trav\u00e9s de Internet puede ser interceptada por terceros. Por lo tanto, no podemos garantizar de modo absoluto la seguridad y autenticidad de la informaci\u00f3n que se nos env\u00eda por este medio. Al utilizar el sitio e introducir informaci\u00f3n en el mismo, usted acepta expresamente que lo hace de acuerdo con su voluntad expresa y asumiendo el riesgo que ello conlleva.<\/p>\n<h5>5. \u00bfCu\u00e1l es el periodo de retenci\u00f3n \/ conservaci\u00f3n de los datos personales?<\/h5>\n<p>Los datos de los usuarios se conservan durante el tiempo necesario para las operaciones para las que hayan sido recabados y de conformidad con la legislaci\u00f3n vigente.<\/p>\n<h5>6. Derecho de acceso, rectificaci\u00f3n, cancelaci\u00f3n y oposici\u00f3n de los datos personales.<\/h5>\n<p>En virtud del Reglamento General de Protecci\u00f3n de Datos, el interesado tiene derecho a solicitar al responsable del tratamiento el acceso a los datos personales que le conciernen, as\u00ed como su rectificaci\u00f3n o eliminaci\u00f3n. El interesado tambi\u00e9n tiene derecho a exigir, en determinadas circunstancias, la limitaci\u00f3n del tratamiento de los datos personales, as\u00ed como tiene derecho a oponerse al tratamiento y derecho a la portabilidad de los datos. Asimismo, el titular de los datos tiene derecho a retirar el consentimiento prestado para el tratamiento de los mismos, en cualquier momento, sin que ello comprometa la licitud del tratamiento efectuado sobre la base del consentimiento previamente otorgado. Podr\u00e1 ejercer sus derechos poni\u00e9ndose en contacto con nosotros a trav\u00e9s de los distintos medios disponibles en el sitio.<\/p>\n<h5>7. Derecho a presentar una reclamaci\u00f3n ante una autoridad de control<\/h5>\n<p>En virtud del RGPD, se le informa de que el interesado tiene derecho a presentar reclamaciones ante la autoridad de control competente, en este caso la Comisi\u00f3n Nacional de Protecci\u00f3n de Datos.<\/p>\n\t\t\t\t\t\t\t\t<\/div>\n\t\t\t\t<\/div>\n\t\t\t\t\t<\/div>\n\t\t\t\t<\/div>\n\t\t\t\t<\/div>\n\t\t","protected":false},"excerpt":{"rendered":"<p>1. \u00c1mbito de aplicaci\u00f3n de nuestra Pol\u00edtica de Privacidad La recogida y el tratamiento de datos personales han sido dise\u00f1ados para dar cumplimiento al Reglamento (UE) 2016\/679 del Parlamento Europeo y del Consejo, de 27 de abril de 2016, relativo a la protecci\u00f3n de las personas f\u00edsicas en lo que respecta al tratamiento de datos [&hellip;]<\/p>\n","protected":false},"author":1,"featured_media":0,"parent":0,"menu_order":0,"comment_status":"closed","ping_status":"open","template":"","meta":{"footnotes":""},"class_list":["post-5237","page","type-page","status-publish","hentry"],"_links":{"self":[{"href":"https:\/\/eurospuma.com\/es\/wp-json\/wp\/v2\/pages\/5237","targetHints":{"allow":["GET"]}}],"collection":[{"href":"https:\/\/eurospuma.com\/es\/wp-json\/wp\/v2\/pages"}],"about":[{"href":"https:\/\/eurospuma.com\/es\/wp-json\/wp\/v2\/types\/page"}],"author":[{"embeddable":true,"href":"https:\/\/eurospuma.com\/es\/wp-json\/wp\/v2\/users\/1"}],"replies":[{"embeddable":true,"href":"https:\/\/eurospuma.com\/es\/wp-json\/wp\/v2\/comments?post=5237"}],"version-history":[{"count":1,"href":"https:\/\/eurospuma.com\/es\/wp-json\/wp\/v2\/pages\/5237\/revisions"}],"predecessor-version":[{"id":5238,"href":"https:\/\/eurospuma.com\/es\/wp-json\/wp\/v2\/pages\/5237\/revisions\/5238"}],"wp:attachment":[{"href":"https:\/\/eurospuma.com\/es\/wp-json\/wp\/v2\/media?parent=5237"}],"curies":[{"name":"wp","href":"https:\/\/api.w.org\/{rel}","templated":true}]}}